{"id":2607,"date":"2022-11-18T23:43:40","date_gmt":"2022-11-18T23:43:40","guid":{"rendered":"http:\/\/renovepro.com.ar\/?post_type=product&#038;p=2607"},"modified":"2026-03-28T22:05:42","modified_gmt":"2026-03-28T22:05:42","slug":"serum-restaurador-capilar-bellissima","status":"publish","type":"product","link":"https:\/\/renovepro.com.ar\/index.php\/product\/serum-restaurador-capilar-bellissima\/","title":{"rendered":"SERUM RESTAURADOR CAPILAR &#8211; BELLISSIMA"},"content":{"rendered":"<p><strong>SERUM RESTAURADOR CAPILAR &#8211; BELLISSIMA<\/strong><\/p>\n<p>El Serum Restaurador aporta nutrientes y antioxidantes gracias a su formula compuesta por los aceites de arg\u00e1n y macadamia. Otorga brillo, suavidad, restauraci\u00f3n y protecci\u00f3n a todo tipo de cabellos.<\/p>\n<p><strong>MODO DE USO: <\/strong>aplicar una peque\u00f1a cantidad sobre las palmas de las manos, frotarlas y aplicar sobre el cabello h\u00famedo o seco masajeando ligeramente. No enjuagar. Peinar de manera habitual. Puede utilizarse en cualquier momento del d\u00eda ya que no necesita enjuague. No engrasa ni pegotea.<\/p>\n<p><strong>CONT. NETO:<\/strong> 120g.<\/p>\n<div class=\"modo_empleo\">\n<div><strong>MEDIOS DE PAGO:<\/strong>\u00a0Pago por transferencia (Alias RENOVEPRO) &#8211; Mercado Pago &#8211; Tarjetas de cr\u00e9dito (Visa &#8211; MasterCard &#8211; American Express &#8211; Naranja &#8211; Banco Rioja) &#8211; Tarjetas de Debito (Cabal &#8211; Maestro &#8211; Visa &#8211; Banco Rioja) &#8211; GO Cuotas<\/div>\n<div><\/div>\n<\/div>\n<p><span class=\"text-accent\"><span class=\"x19la9d6 x1fc57z9 x6ikm8r x10wlt62 x19co3pv x1g5zs5t xfibh0p xiy17q3 x1xsqp64 x1lkfr7t xexx8yu x4uap5 x18d9i69 xkhd6sd\"><span class=\"xrtxmta x1bhl96m\">\ud83d\ude9b\u00a0<\/span><\/span><strong>ENVIO GRATIS<\/strong><\/span>\u00a0en la provincia de La Rioja,\u00a0<span class=\"js-shipping-minimum-label\">superando\u00a0<\/span><span class=\"js-shipping-minimum-label\">los $150.000,00. El envi\u00f3 para otras provincias ser\u00e1 por correo argentino o por transporte a convenir, a cargo del comprador.\u00a0<\/span><\/p>\n<p>&nbsp;<\/p>\n","protected":false},"excerpt":{"rendered":"<p>SERUM RESTAURADOR CAPILAR &#8211; BELLISSIMA El Serum Restaurador aporta nutrientes y antioxidantes gracias a su formula compuesta por los aceites de arg\u00e1n y macadamia. Otorga brillo, suavidad, restauraci\u00f3n y protecci\u00f3n a todo<a class=\"moretag\" href=\"https:\/\/renovepro.com.ar\/index.php\/product\/serum-restaurador-capilar-bellissima\/\">Read More&#8230;<\/a><\/p>\n","protected":false},"featured_media":2608,"comment_status":"open","ping_status":"closed","template":"","meta":[],"product_brand":[],"product_cat":[69,61],"product_tag":[],"class_list":{"0":"post-2607","1":"product","2":"type-product","3":"status-publish","4":"has-post-thumbnail","6":"product_cat-modelado-peinado","7":"product_cat-oleos-reparadores","9":"first","10":"outofstock","11":"sale","12":"shipping-taxable","13":"purchasable","14":"product-type-simple"},"jetpack_sharing_enabled":true,"_links":{"self":[{"href":"https:\/\/renovepro.com.ar\/index.php\/wp-json\/wp\/v2\/product\/2607","targetHints":{"allow":["GET"]}}],"collection":[{"href":"https:\/\/renovepro.com.ar\/index.php\/wp-json\/wp\/v2\/product"}],"about":[{"href":"https:\/\/renovepro.com.ar\/index.php\/wp-json\/wp\/v2\/types\/product"}],"replies":[{"embeddable":true,"href":"https:\/\/renovepro.com.ar\/index.php\/wp-json\/wp\/v2\/comments?post=2607"}],"wp:featuredmedia":[{"embeddable":true,"href":"https:\/\/renovepro.com.ar\/index.php\/wp-json\/wp\/v2\/media\/2608"}],"wp:attachment":[{"href":"https:\/\/renovepro.com.ar\/index.php\/wp-json\/wp\/v2\/media?parent=2607"}],"wp:term":[{"taxonomy":"product_brand","embeddable":true,"href":"https:\/\/renovepro.com.ar\/index.php\/wp-json\/wp\/v2\/product_brand?post=2607"},{"taxonomy":"product_cat","embeddable":true,"href":"https:\/\/renovepro.com.ar\/index.php\/wp-json\/wp\/v2\/product_cat?post=2607"},{"taxonomy":"product_tag","embeddable":true,"href":"https:\/\/renovepro.com.ar\/index.php\/wp-json\/wp\/v2\/product_tag?post=2607"}],"curies":[{"name":"wp","href":"https:\/\/api.w.org\/{rel}","templated":true}]}}