{"id":2488,"date":"2022-10-10T22:27:20","date_gmt":"2022-10-10T22:27:20","guid":{"rendered":"http:\/\/renovepro.com.ar\/?post_type=product&#038;p=2488"},"modified":"2025-12-23T00:12:34","modified_gmt":"2025-12-23T00:12:34","slug":"tratamiento-reparacion-total-coalix","status":"publish","type":"product","link":"https:\/\/renovepro.com.ar\/index.php\/product\/tratamiento-reparacion-total-coalix\/","title":{"rendered":"TRATAMIENTO CAPILAR REPARACION TOTAL &#8211; COALIX"},"content":{"rendered":"<p><strong>TRATAMIENTO CAPILAR REPARACION TOTAL &#8211; COALIX<\/strong><\/p>\n<p>El Tratamiento Reparaci\u00f3n Total Coalix para Cabellos da\u00f1ados con hidrolizado de Col\u00e1geno, es una crema de alta nutrici\u00f3n que mejora visiblemente el aspecto de los cabellos secos y sensibilizados\u00a0 con texturas finas o gruesas, que reconstruyen la fibra capilar otorg\u00e1ndole flexibilidad y ligereza.<\/p>\n<p><strong>MODO DE USO<\/strong>: Lavar con Shampoo Reparaci\u00f3n Total Coalix, enjuagar y quitar bien el excedente de agua, y sobre el cabello h\u00famedo aplicar el tratamiento en largos y puntas de 5 a 10 minutos con o sin calor seg\u00fan diagnostico y luego enjuagar abundantemente.<\/p>\n<p><strong>SIN PARABENOS<\/strong><\/p>\n<p>\ud83c\udf31 Apto Vegano<\/p>\n<p>\u270b Sin T.A.C.C<\/p>\n<p>\ud83d\udc30 Sin Crueldad Animal<\/p>\n<p><strong>CONT. NETO:<\/strong> 250g.<\/p>\n<div class=\"modo_empleo\">\n<div><strong>MEDIOS DE PAGO:<\/strong>\u00a0Pago por transferencia (Alias RENOVEPRO) &#8211; Mercado Pago &#8211; Tarjetas de cr\u00e9dito (Visa &#8211; MasterCard &#8211; American Express &#8211; Naranja &#8211; Banco Rioja) &#8211; Tarjetas de Debito (Cabal &#8211; Maestro &#8211; Visa &#8211; Banco Rioja) &#8211; GO Cuotas<\/div>\n<div><\/div>\n<\/div>\n<p><span class=\"text-accent\"><span class=\"x19la9d6 x1fc57z9 x6ikm8r x10wlt62 x19co3pv x1g5zs5t xfibh0p xiy17q3 x1xsqp64 x1lkfr7t xexx8yu x4uap5 x18d9i69 xkhd6sd\"><span class=\"xrtxmta x1bhl96m\">\ud83d\ude9b\u00a0<\/span><\/span><strong>ENVIO GRATIS<\/strong><\/span>\u00a0en la provincia de La Rioja,\u00a0<span class=\"js-shipping-minimum-label\">superando\u00a0<\/span><span class=\"js-shipping-minimum-label\">los $150.000,00. El envi\u00f3 para otras provincias ser\u00e1 por correo argentino o por transporte a convenir, a cargo del comprador.\u00a0<\/span><\/p>\n","protected":false},"excerpt":{"rendered":"<p>TRATAMIENTO CAPILAR REPARACION TOTAL &#8211; COALIX El Tratamiento Reparaci\u00f3n Total Coalix para Cabellos da\u00f1ados con hidrolizado de Col\u00e1geno, es una crema de alta nutrici\u00f3n que mejora visiblemente el aspecto de los cabellos<a class=\"moretag\" href=\"https:\/\/renovepro.com.ar\/index.php\/product\/tratamiento-reparacion-total-coalix\/\">Read More&#8230;<\/a><\/p>\n","protected":false},"featured_media":3832,"comment_status":"open","ping_status":"closed","template":"","meta":[],"product_brand":[],"product_cat":[58],"product_tag":[],"class_list":{"0":"post-2488","1":"product","2":"type-product","3":"status-publish","4":"has-post-thumbnail","6":"product_cat-mascaras-capilares","8":"first","9":"instock","10":"sale","11":"shipping-taxable","12":"purchasable","13":"product-type-simple"},"jetpack_sharing_enabled":true,"_links":{"self":[{"href":"https:\/\/renovepro.com.ar\/index.php\/wp-json\/wp\/v2\/product\/2488","targetHints":{"allow":["GET"]}}],"collection":[{"href":"https:\/\/renovepro.com.ar\/index.php\/wp-json\/wp\/v2\/product"}],"about":[{"href":"https:\/\/renovepro.com.ar\/index.php\/wp-json\/wp\/v2\/types\/product"}],"replies":[{"embeddable":true,"href":"https:\/\/renovepro.com.ar\/index.php\/wp-json\/wp\/v2\/comments?post=2488"}],"wp:featuredmedia":[{"embeddable":true,"href":"https:\/\/renovepro.com.ar\/index.php\/wp-json\/wp\/v2\/media\/3832"}],"wp:attachment":[{"href":"https:\/\/renovepro.com.ar\/index.php\/wp-json\/wp\/v2\/media?parent=2488"}],"wp:term":[{"taxonomy":"product_brand","embeddable":true,"href":"https:\/\/renovepro.com.ar\/index.php\/wp-json\/wp\/v2\/product_brand?post=2488"},{"taxonomy":"product_cat","embeddable":true,"href":"https:\/\/renovepro.com.ar\/index.php\/wp-json\/wp\/v2\/product_cat?post=2488"},{"taxonomy":"product_tag","embeddable":true,"href":"https:\/\/renovepro.com.ar\/index.php\/wp-json\/wp\/v2\/product_tag?post=2488"}],"curies":[{"name":"wp","href":"https:\/\/api.w.org\/{rel}","templated":true}]}}