{"id":2455,"date":"2022-10-05T19:44:17","date_gmt":"2022-10-05T19:44:17","guid":{"rendered":"http:\/\/renovepro.com.ar\/?post_type=product&#038;p=2455"},"modified":"2026-01-13T14:18:09","modified_gmt":"2026-01-13T14:18:09","slug":"shampoo-prevencion-caida-coalix","status":"publish","type":"product","link":"https:\/\/renovepro.com.ar\/index.php\/product\/shampoo-prevencion-caida-coalix\/","title":{"rendered":"SHAMPOO PREVENCION CAIDA &#8211; COALIX"},"content":{"rendered":"<p><strong>SHAMPOO PREVENCION CAIDA &#8211; COALIX<\/strong><\/p>\n<p>El Shampoo Prevenci\u00f3n Ca\u00edda Coalix Pro For Man est\u00e1 formulado a base de Prote\u00ednas de Arroz, Hidrolizado de Soja, Extracto de Ginseng, Glucosa y Amino\u00e1cidos. Dichos componentes refuerzan el metabolismo celular, estimulan la ra\u00edz y revitalizan la Fibra Capilar. Por su f\u00f3rmula de pH Neutro puede ser utilizado con continuidad.<\/p>\n<p><strong>MODA DE USO:<\/strong> Aplicar el Shampoo Prevenci\u00f3n Ca\u00edda Coalix en cabello h\u00famedo, masajear suavemente durante 3 minutos y luego enjuagar.<\/p>\n<p><strong>SIN PARABENOS\u00a0<\/strong><\/p>\n<p>\ud83c\udf31 Apto Vegano<\/p>\n<p>\u270b Sin T.A.C.C<\/p>\n<p>\ud83d\udc30 Sin Crueldad Animal<\/p>\n<div class=\"modo_empleo\">\n<div class=\"texto\"><strong>CONT. NETO:<\/strong> 250ml.<\/div>\n<div><\/div>\n<\/div>\n<p><strong>MEDIOS DE PAGO:<\/strong> Pago por transferencia (Alias RENOVEPRO) &#8211; Mercado Pago &#8211; Tarjetas de cr\u00e9dito (Visa &#8211; MasterCard &#8211; American Express &#8211; Naranja &#8211; Banco Rioja) &#8211; Tarjetas de Debito (Cabal &#8211; Maestro &#8211; Visa &#8211; Banco Rioja) &#8211; GO Cuotas<\/p>\n<p><span class=\"text-accent\"><span class=\"x19la9d6 x1fc57z9 x6ikm8r x10wlt62 x19co3pv x1g5zs5t xfibh0p xiy17q3 x1xsqp64 x1lkfr7t xexx8yu x4uap5 x18d9i69 xkhd6sd\"><span class=\"xrtxmta x1bhl96m\">\ud83d\ude9b <\/span><\/span><strong>ENVIO GRATIS<\/strong><\/span>\u00a0en la provincia de La Rioja, <span class=\"js-shipping-minimum-label\">superando <\/span><span class=\"js-shipping-minimum-label\">los $150.000,00. El envi\u00f3 para otras provincias ser\u00e1 por correo argentino o por transporte a convenir, a cargo del comprador.<\/span><\/p>\n","protected":false},"excerpt":{"rendered":"<p>SHAMPOO PREVENCION CAIDA &#8211; COALIX El Shampoo Prevenci\u00f3n Ca\u00edda Coalix Pro For Man est\u00e1 formulado a base de Prote\u00ednas de Arroz, Hidrolizado de Soja, Extracto de Ginseng, Glucosa y Amino\u00e1cidos. Dichos componentes<a class=\"moretag\" href=\"https:\/\/renovepro.com.ar\/index.php\/product\/shampoo-prevencion-caida-coalix\/\">Read More&#8230;<\/a><\/p>\n","protected":false},"featured_media":2456,"comment_status":"open","ping_status":"closed","template":"","meta":[],"product_brand":[],"product_cat":[65,60],"product_tag":[],"class_list":{"0":"post-2455","1":"product","2":"type-product","3":"status-publish","4":"has-post-thumbnail","6":"product_cat-barberia","7":"product_cat-shampoo-acondicionador","9":"first","10":"instock","11":"sale","12":"shipping-taxable","13":"purchasable","14":"product-type-simple"},"jetpack_sharing_enabled":true,"_links":{"self":[{"href":"https:\/\/renovepro.com.ar\/index.php\/wp-json\/wp\/v2\/product\/2455","targetHints":{"allow":["GET"]}}],"collection":[{"href":"https:\/\/renovepro.com.ar\/index.php\/wp-json\/wp\/v2\/product"}],"about":[{"href":"https:\/\/renovepro.com.ar\/index.php\/wp-json\/wp\/v2\/types\/product"}],"replies":[{"embeddable":true,"href":"https:\/\/renovepro.com.ar\/index.php\/wp-json\/wp\/v2\/comments?post=2455"}],"wp:featuredmedia":[{"embeddable":true,"href":"https:\/\/renovepro.com.ar\/index.php\/wp-json\/wp\/v2\/media\/2456"}],"wp:attachment":[{"href":"https:\/\/renovepro.com.ar\/index.php\/wp-json\/wp\/v2\/media?parent=2455"}],"wp:term":[{"taxonomy":"product_brand","embeddable":true,"href":"https:\/\/renovepro.com.ar\/index.php\/wp-json\/wp\/v2\/product_brand?post=2455"},{"taxonomy":"product_cat","embeddable":true,"href":"https:\/\/renovepro.com.ar\/index.php\/wp-json\/wp\/v2\/product_cat?post=2455"},{"taxonomy":"product_tag","embeddable":true,"href":"https:\/\/renovepro.com.ar\/index.php\/wp-json\/wp\/v2\/product_tag?post=2455"}],"curies":[{"name":"wp","href":"https:\/\/api.w.org\/{rel}","templated":true}]}}