{"id":2447,"date":"2022-10-05T19:11:08","date_gmt":"2022-10-05T19:11:08","guid":{"rendered":"http:\/\/renovepro.com.ar\/?post_type=product&#038;p=2447"},"modified":"2025-10-27T21:09:37","modified_gmt":"2025-10-27T21:09:37","slug":"cera-texturizante-coalix","status":"publish","type":"product","link":"https:\/\/renovepro.com.ar\/index.php\/product\/cera-texturizante-coalix\/","title":{"rendered":"CERA TEXTURIZANTE &#8211; COALIX"},"content":{"rendered":"<p><strong>CERA TEXTURIZANTE &#8211; COALIX<\/strong><\/p>\n<p>La Cera Texturizante Coalix Pro For Men es apta para todo tipo de Cabello. Define peinados con precisi\u00f3n y permite sostener con total control estilos \u00fanicos. F\u00f3rmula lograda especialmente para hombres que desean Cabello &amp; Barba alineados y sin frizz.<\/p>\n<p><strong>MODO DE USO:<\/strong>\u00a0La F\u00f3rmula est\u00e1 preparada para ser aplicada en h\u00famedo o en seco seg\u00fan el resultado final deseado. Dosificar una peque\u00f1a cantidad y distribuir de forma generalizada o localizada para acentuar terminaciones.<\/p>\n<p><strong>BARBA: <\/strong>Cera Definici\u00f3n para modelar distintos tipos de barba. Suaviza y define contornos manteniendo un aspecto natural. Otorga fijaci\u00f3n, estilo y minimiza las barbas rebeldes y embravecidas.<\/p>\n<p><strong>SIN PARABENOS\u00a0<\/strong><\/p>\n<p>\ud83c\udf31 Apto Vegano<\/p>\n<p>\u270b Sin T.A.C.C<\/p>\n<p>\ud83d\udc30 Sin Crueldad Animal<\/p>\n<div class=\"modo_empleo\">\n<div class=\"texto\"><strong>CONT. NETO:<\/strong> 100ml.<\/div>\n<div><\/div>\n<\/div>\n<p><strong>MEDIOS DE PAGO:<\/strong> Pago por transferencia (Alias RENOVEPRO) &#8211; Mercado Pago &#8211; Tarjetas de cr\u00e9dito (Visa &#8211; MasterCard &#8211; American Express &#8211; Naranja &#8211; Banco Rioja) &#8211; Tarjetas de Debito (Cabal &#8211; Maestro &#8211; Visa &#8211; Banco Rioja) &#8211; GO Cuotas<\/p>\n<p><span class=\"text-accent\"><span class=\"x19la9d6 x1fc57z9 x6ikm8r x10wlt62 x19co3pv x1g5zs5t xfibh0p xiy17q3 x1xsqp64 x1lkfr7t xexx8yu x4uap5 x18d9i69 xkhd6sd\"><span class=\"xrtxmta x1bhl96m\">\ud83d\ude9b <\/span><\/span><strong>ENVIO GRATIS<\/strong><\/span>\u00a0en la provincia de La Rioja, <span class=\"js-shipping-minimum-label\">superando <\/span><span class=\"js-shipping-minimum-label\">los $150.000,00. El envi\u00f3 para otras provincias ser\u00e1 por correo argentino o por transporte a convenir, a cargo del comprador.<\/span><\/p>\n<p>&nbsp;<\/p>\n","protected":false},"excerpt":{"rendered":"<p>CERA TEXTURIZANTE &#8211; COALIX La Cera Texturizante Coalix Pro For Men es apta para todo tipo de Cabello. Define peinados con precisi\u00f3n y permite sostener con total control estilos \u00fanicos. F\u00f3rmula lograda<a class=\"moretag\" href=\"https:\/\/renovepro.com.ar\/index.php\/product\/cera-texturizante-coalix\/\">Read More&#8230;<\/a><\/p>\n","protected":false},"featured_media":4662,"comment_status":"open","ping_status":"closed","template":"","meta":[],"product_brand":[],"product_cat":[65,69],"product_tag":[],"class_list":{"0":"post-2447","1":"product","2":"type-product","3":"status-publish","4":"has-post-thumbnail","6":"product_cat-barberia","7":"product_cat-modelado-peinado","9":"first","10":"instock","11":"sale","12":"shipping-taxable","13":"purchasable","14":"product-type-simple"},"jetpack_sharing_enabled":true,"_links":{"self":[{"href":"https:\/\/renovepro.com.ar\/index.php\/wp-json\/wp\/v2\/product\/2447","targetHints":{"allow":["GET"]}}],"collection":[{"href":"https:\/\/renovepro.com.ar\/index.php\/wp-json\/wp\/v2\/product"}],"about":[{"href":"https:\/\/renovepro.com.ar\/index.php\/wp-json\/wp\/v2\/types\/product"}],"replies":[{"embeddable":true,"href":"https:\/\/renovepro.com.ar\/index.php\/wp-json\/wp\/v2\/comments?post=2447"}],"wp:featuredmedia":[{"embeddable":true,"href":"https:\/\/renovepro.com.ar\/index.php\/wp-json\/wp\/v2\/media\/4662"}],"wp:attachment":[{"href":"https:\/\/renovepro.com.ar\/index.php\/wp-json\/wp\/v2\/media?parent=2447"}],"wp:term":[{"taxonomy":"product_brand","embeddable":true,"href":"https:\/\/renovepro.com.ar\/index.php\/wp-json\/wp\/v2\/product_brand?post=2447"},{"taxonomy":"product_cat","embeddable":true,"href":"https:\/\/renovepro.com.ar\/index.php\/wp-json\/wp\/v2\/product_cat?post=2447"},{"taxonomy":"product_tag","embeddable":true,"href":"https:\/\/renovepro.com.ar\/index.php\/wp-json\/wp\/v2\/product_tag?post=2447"}],"curies":[{"name":"wp","href":"https:\/\/api.w.org\/{rel}","templated":true}]}}