{"id":2417,"date":"2022-10-05T17:33:43","date_gmt":"2022-10-05T17:33:43","guid":{"rendered":"http:\/\/renovepro.com.ar\/?post_type=product&#038;p=2417"},"modified":"2026-04-18T20:43:05","modified_gmt":"2026-04-18T20:43:05","slug":"coloracion-fantasia-semipermanente-energy-colors-influencia-profesional","status":"publish","type":"product","link":"https:\/\/renovepro.com.ar\/index.php\/product\/coloracion-fantasia-semipermanente-energy-colors-influencia-profesional\/","title":{"rendered":"COLORACION FANTASIA SEMIPERMANENTE ENERGY COLORS &#8211; INFLUENCIA PROFESIONAL"},"content":{"rendered":"<p><strong>COLORACION FANTASIA SEMIPERMANENTE ENERGY COLORS &#8211; INFLUENCIA PROFESIONAL<\/strong><\/p>\n<div class=\"user-content font-small mb-4\">\n<p>Energy Colors de Influencia Profesional, Coloraci\u00f3n Fantas\u00eda Semipermanente de aplicaci\u00f3n directa.<\/p>\n<p><strong>MODO DE USO: <\/strong>El contenido de la Coloraci\u00f3n en crema Energy Colors, est\u00e1 especialmente formulado para una correcta definici\u00f3n de la tonalidad, con un excelente resultado de duraci\u00f3n y brillo. Preparar la cantidad suficiente para el largo de cabello a tratar en un recipiente pl\u00e1stico. Aplicar con pincel.<\/p>\n<\/div>\n<p><strong>TONOS DISPONIBLES:<\/strong> NARANJA &#8211; VIOLETA &#8211; ROSA INTENSO &#8211; CELESTE<\/p>\n<p><strong>CONT. NETO: <\/strong>La Caja de Coloraci\u00f3n Energy Colors Influencia Profesional contiene 2 pomos por 60 gramos.<\/p>\n<p><strong>MEDIOS DE PAGO:<\/strong> Pago por transferencia (Alias RENOVEPRO) &#8211; Mercado Pago &#8211; Tarjetas de cr\u00e9dito (Visa &#8211; MasterCard &#8211; American Express &#8211; Naranja &#8211; Banco Rioja) &#8211; Tarjetas de Debito (Cabal &#8211; Maestro &#8211; Visa &#8211; Banco Rioja) &#8211; GO Cuotas<\/p>\n<p><span class=\"text-accent\"><span class=\"x19la9d6 x1fc57z9 x6ikm8r x10wlt62 x19co3pv x1g5zs5t xfibh0p xiy17q3 x1xsqp64 x1lkfr7t xexx8yu x4uap5 x18d9i69 xkhd6sd\"><span class=\"xrtxmta x1bhl96m\">\ud83d\ude9b <\/span><\/span><strong>ENVIO GRATIS<\/strong><\/span>\u00a0en la provincia de La Rioja, <span class=\"js-shipping-minimum-label\">superando <\/span><span class=\"js-shipping-minimum-label\">los $150.000,00. El envi\u00f3 para otras provincias ser\u00e1 por correo argentino o por transporte a convenir, a cargo del comprador.<\/span><\/p>\n<p>&nbsp;<\/p>\n","protected":false},"excerpt":{"rendered":"<p>COLORACION FANTASIA SEMIPERMANENTE ENERGY COLORS &#8211; INFLUENCIA PROFESIONAL Energy Colors de Influencia Profesional, Coloraci\u00f3n Fantas\u00eda Semipermanente de aplicaci\u00f3n directa. MODO DE USO: El contenido de la Coloraci\u00f3n en crema Energy Colors, est\u00e1<a class=\"moretag\" href=\"https:\/\/renovepro.com.ar\/index.php\/product\/coloracion-fantasia-semipermanente-energy-colors-influencia-profesional\/\">Read More&#8230;<\/a><\/p>\n","protected":false},"featured_media":3701,"comment_status":"open","ping_status":"closed","template":"","meta":[],"product_brand":[],"product_cat":[62],"product_tag":[],"class_list":{"0":"post-2417","1":"product","2":"type-product","3":"status-publish","4":"has-post-thumbnail","6":"product_cat-tinturas-oxidantes","8":"first","9":"instock","10":"sale","11":"shipping-taxable","12":"purchasable","13":"product-type-simple"},"jetpack_sharing_enabled":true,"_links":{"self":[{"href":"https:\/\/renovepro.com.ar\/index.php\/wp-json\/wp\/v2\/product\/2417","targetHints":{"allow":["GET"]}}],"collection":[{"href":"https:\/\/renovepro.com.ar\/index.php\/wp-json\/wp\/v2\/product"}],"about":[{"href":"https:\/\/renovepro.com.ar\/index.php\/wp-json\/wp\/v2\/types\/product"}],"replies":[{"embeddable":true,"href":"https:\/\/renovepro.com.ar\/index.php\/wp-json\/wp\/v2\/comments?post=2417"}],"wp:featuredmedia":[{"embeddable":true,"href":"https:\/\/renovepro.com.ar\/index.php\/wp-json\/wp\/v2\/media\/3701"}],"wp:attachment":[{"href":"https:\/\/renovepro.com.ar\/index.php\/wp-json\/wp\/v2\/media?parent=2417"}],"wp:term":[{"taxonomy":"product_brand","embeddable":true,"href":"https:\/\/renovepro.com.ar\/index.php\/wp-json\/wp\/v2\/product_brand?post=2417"},{"taxonomy":"product_cat","embeddable":true,"href":"https:\/\/renovepro.com.ar\/index.php\/wp-json\/wp\/v2\/product_cat?post=2417"},{"taxonomy":"product_tag","embeddable":true,"href":"https:\/\/renovepro.com.ar\/index.php\/wp-json\/wp\/v2\/product_tag?post=2417"}],"curies":[{"name":"wp","href":"https:\/\/api.w.org\/{rel}","templated":true}]}}