{"id":2413,"date":"2022-10-05T17:24:38","date_gmt":"2022-10-05T17:24:38","guid":{"rendered":"http:\/\/renovepro.com.ar\/?post_type=product&#038;p=2413"},"modified":"2026-04-18T20:43:16","modified_gmt":"2026-04-18T20:43:16","slug":"coloracion-semipermanente-influencia-profeional","status":"publish","type":"product","link":"https:\/\/renovepro.com.ar\/index.php\/product\/coloracion-semipermanente-influencia-profeional\/","title":{"rendered":"COLORACION &#8211; INFLUENCIA PROFESIONAL"},"content":{"rendered":"<p><strong>COLORACION &#8211; INFLUENCIA PROFESIONAL<\/strong><\/p>\n<p>La Coloraci\u00f3n Influencia Profesional Crema Color incorpora la exclusiva Tecnolog\u00eda Protecto Integral que logra transformar el cuidado del Cabello otorgando un resultado incre\u00edble. Una soluci\u00f3n que garantiza el total cubrimiento de Cabellos Blancos y protecci\u00f3n adicional contra agentes externos y rayos UV.<\/p>\n<p>M\u00e1s suavidad y mejor estado final con el aporte de lanolina. M\u00e1s brillo con la incorporaci\u00f3n de nuevas siliconas cosm\u00e9ticas. M\u00e1s protecci\u00f3n frente a los agentes clim\u00e1ticos y sus efectos de desvanecimiento del color.<\/p>\n<p>Con vitaminas antioxidantes y filtro solar, nuestra Coloraci\u00f3n permite el cuidado integral de la Fibra Capilar aportando desde su formulaci\u00f3n soluciones que mejoran el estado final del Cabello, dej\u00e1ndolo sedoso y sano.<\/p>\n<p><strong>MODO DE USO: <\/strong>Lea atentamente antes de la aplicaci\u00f3n y utilice s\u00f3lo como est\u00e1 indicado. El contenido de nuestra Crema Color Influencia Profesional est\u00e1 especialmente formulado para un correcto y completo cubrimiento de los Cabellos Blancos, con una respuesta de perdurabilidad y cosmeticidad absolutamente Profesional. La f\u00f3rmula responde a la dosificaci\u00f3n 1 + 1 1\/2 (60 gramos de crema color + 90 ml de Crema Oxidante de 20 Vol\u00fammenes. Prepare cantidad suficiente para la Cabellera a tratar en un bols de pl\u00e1stico, luego agregue gradualmente la Crema Oxidante en la dosificaci\u00f3n correcta para obtener una crema homog\u00e9nea. Aplique con pincel.<\/p>\n<p>Para una mejor utilizaci\u00f3n del Producto vea las recomendaciones que se encuentran a continuaci\u00f3n.<\/p>\n<p><strong>RECOMENDACIONES DE USO:<\/strong><\/p>\n<p><strong>EN CABELLO VIRGEN:<\/strong> Comenzar aplicando el Producto en medios y puntas, dejar actuar por 20 minutos. Transcurrido el tiempo de exposici\u00f3n, aplicar la mezcla depositando en ra\u00edz y dejar actuar 20 minutos m\u00e1s. Enjuagar con abundante agua.<\/p>\n<p><strong>EN CABELLO CON COLORACI\u00d3N O RETOQUE DE R\u00c1IZ:<\/strong> Comenzar aplicando el Producto en la ra\u00edz, dejando actuar 20 minutos. Luego extender el Producto a largos y puntas y dejar actuar 15 minutos m\u00e1s, (el tiempo de exposici\u00f3n est\u00e1 supeditado al previo diagn\u00f3stico). Luego enjuagar con abundante agua.<\/p>\n<p><strong>USO DE TONOS SUPERACLARANTES:<\/strong> Las Coloraciones Super aclarantes deben mezclarse con Crema Oxidante de 40 vol\u00famenes en la misma dosificaci\u00f3n de 1 + 1 1\/2. Su utilizaci\u00f3n es \u00fanicamente para Cabellos Naturales (sin coloraci\u00f3n), de casta\u00f1o claro en adelante. Los mismos aclaran hasta 4 tonos.<\/p>\n<p><strong>TONOS DISPONIBLES<\/strong><\/p>\n<p><strong>1<\/strong> Negro &#8211; <strong>1.2<\/strong> Negro Violaceo &#8211; <strong>3<\/strong> Casta\u00f1o Oscuro &#8211; <strong>3.25<\/strong> Casta\u00f1o Oscuro Borgo\u00f1a &#8211; <strong>4<\/strong> Casta\u00f1o &#8211; <strong>5<\/strong> Casta\u00f1o Claro &#8211; <strong>5.1<\/strong> Casta\u00f1o Claro Acenizado &#8211; <strong>6<\/strong> Rubio Oscuro &#8211; <strong>6.1<\/strong> Rubio Oscuro Acenizado &#8211; <strong>6.3<\/strong> Rubio Oscuro Dorado Avellana &#8211; <strong>6.42<\/strong> Rubio Oscuro Chocolate &#8211; <strong>6.52<\/strong> Rubio Oscuro Rojizo Borgo\u00f1a &#8211; <strong>7<\/strong> Rubio &#8211; <strong>7.1<\/strong> Rubio Acenizado &#8211; <strong>7.3<\/strong> Rubio Dorado Avellana &#8211; <strong>7.42<\/strong> Rubio Chocolate &#8211; <strong>7.52<\/strong> Rubio Rojizo Borgo\u00f1a &#8211; <strong>8<\/strong> Rubio Claro &#8211; <strong>8.1<\/strong> Rubio Claro Acenizado &#8211; <strong>8.33<\/strong> Rubio Claro Dorado Intenso &#8211; <strong>9<\/strong> Rubio Muy Claro &#8211; <strong>9.1<\/strong> Rubio Muy Claro Acenizado &#8211; <strong>9.33<\/strong> Rubio Muy Claro Dorado Intenso &#8211; <strong>10.1<\/strong> Rubio Super Claro Acenizado &#8211; <strong>1000<\/strong> Super Aclarante &#8211; <strong>1010<\/strong> Super Aclarante Acenizado<\/p>\n<p><strong>CONT. NETO:<\/strong>\u00a0La Caja de Coloraci\u00f3n Influencia Profesional contiene 2 pomos por 60 gramos.<\/p>\n<p><strong>MEDIOS DE PAGO:<\/strong> Pago por transferencia (Alias RENOVEPRO) &#8211; Mercado Pago &#8211; Tarjetas de cr\u00e9dito (Visa &#8211; MasterCard &#8211; American Express &#8211; Naranja &#8211; Banco Rioja) &#8211; Tarjetas de Debito (Cabal &#8211; Maestro &#8211; Visa &#8211; Banco Rioja) &#8211; GO Cuotas<\/p>\n<p><span class=\"text-accent\"><span class=\"x19la9d6 x1fc57z9 x6ikm8r x10wlt62 x19co3pv x1g5zs5t xfibh0p xiy17q3 x1xsqp64 x1lkfr7t xexx8yu x4uap5 x18d9i69 xkhd6sd\"><span class=\"xrtxmta x1bhl96m\">\ud83d\ude9b <\/span><\/span><strong>ENVIO GRATIS<\/strong><\/span>\u00a0en la provincia de La Rioja, <span class=\"js-shipping-minimum-label\">superando <\/span><span class=\"js-shipping-minimum-label\">los $150.000,00. El envi\u00f3 para otras provincias ser\u00e1 por correo argentino o por transporte a convenir, a cargo del comprador.<\/span><\/p>\n<p>&nbsp;<\/p>\n<p>&nbsp;<\/p>\n","protected":false},"excerpt":{"rendered":"<p>COLORACION &#8211; INFLUENCIA PROFESIONAL La Coloraci\u00f3n Influencia Profesional Crema Color incorpora la exclusiva Tecnolog\u00eda Protecto Integral que logra transformar el cuidado del Cabello otorgando un resultado incre\u00edble. Una soluci\u00f3n que garantiza el<a class=\"moretag\" href=\"https:\/\/renovepro.com.ar\/index.php\/product\/coloracion-semipermanente-influencia-profeional\/\">Read More&#8230;<\/a><\/p>\n","protected":false},"featured_media":3700,"comment_status":"open","ping_status":"closed","template":"","meta":[],"product_brand":[],"product_cat":[62],"product_tag":[],"class_list":{"0":"post-2413","1":"product","2":"type-product","3":"status-publish","4":"has-post-thumbnail","6":"product_cat-tinturas-oxidantes","8":"first","9":"instock","10":"sale","11":"shipping-taxable","12":"purchasable","13":"product-type-simple"},"jetpack_sharing_enabled":true,"_links":{"self":[{"href":"https:\/\/renovepro.com.ar\/index.php\/wp-json\/wp\/v2\/product\/2413","targetHints":{"allow":["GET"]}}],"collection":[{"href":"https:\/\/renovepro.com.ar\/index.php\/wp-json\/wp\/v2\/product"}],"about":[{"href":"https:\/\/renovepro.com.ar\/index.php\/wp-json\/wp\/v2\/types\/product"}],"replies":[{"embeddable":true,"href":"https:\/\/renovepro.com.ar\/index.php\/wp-json\/wp\/v2\/comments?post=2413"}],"wp:featuredmedia":[{"embeddable":true,"href":"https:\/\/renovepro.com.ar\/index.php\/wp-json\/wp\/v2\/media\/3700"}],"wp:attachment":[{"href":"https:\/\/renovepro.com.ar\/index.php\/wp-json\/wp\/v2\/media?parent=2413"}],"wp:term":[{"taxonomy":"product_brand","embeddable":true,"href":"https:\/\/renovepro.com.ar\/index.php\/wp-json\/wp\/v2\/product_brand?post=2413"},{"taxonomy":"product_cat","embeddable":true,"href":"https:\/\/renovepro.com.ar\/index.php\/wp-json\/wp\/v2\/product_cat?post=2413"},{"taxonomy":"product_tag","embeddable":true,"href":"https:\/\/renovepro.com.ar\/index.php\/wp-json\/wp\/v2\/product_tag?post=2413"}],"curies":[{"name":"wp","href":"https:\/\/api.w.org\/{rel}","templated":true}]}}