{"id":2408,"date":"2022-10-05T17:05:15","date_gmt":"2022-10-05T17:05:15","guid":{"rendered":"http:\/\/renovepro.com.ar\/?post_type=product&#038;p=2408"},"modified":"2025-10-27T21:43:14","modified_gmt":"2025-10-27T21:43:14","slug":"activador-20-vol-docta","status":"publish","type":"product","link":"https:\/\/renovepro.com.ar\/index.php\/product\/activador-20-vol-docta\/","title":{"rendered":"ACTIVADOR 20 VOL &#8211; DOCTA"},"content":{"rendered":"<p><strong>ACTIVADOR 20 VOL &#8211; DOCTA<\/strong><\/p>\n<p>Un complejo hidratante de Mecanismo Dual, que permite reforzar la barrera cut\u00e1nea optimizando su hidrataci\u00f3n.<\/p>\n<p>Una fragancia agradable y perdurable.<\/p>\n<p>Una Cabellera con suavidad, nutrici\u00f3n y brillo gracias a la acci\u00f3n emoliente de la MACADAMIA.<\/p>\n<p>Un Cuero Cabelludo protegido gracias a la acci\u00f3n de inhibici\u00f3n de la BOSWELLIA.<\/p>\n<p>Una eficaz protecci\u00f3n al efecto da\u00f1ino de los radicales libres gracias a la acci\u00f3n sin\u00e9rgica del BISABOLOL.<\/p>\n<p>Una Coloraci\u00f3n vibrante y de alta permanencia gracias a la acci\u00f3n antioxidante del TEA TREE.<\/p>\n<p>Un cubrimiento del 100% EN PROFUNDIDAD de los Cabellos Blancos.<\/p>\n<p><strong>CONT. NETO:<\/strong> 900ml.<\/p>\n<div class=\"modo_empleo\">\n<div><strong>MEDIOS DE PAGO:<\/strong> Pago por transferencia (Alias RENOVEPRO) &#8211; Mercado Pago &#8211; Tarjetas de cr\u00e9dito (Visa &#8211; MasterCard &#8211; American Express &#8211; Naranja &#8211; Banco Rioja) &#8211; Tarjetas de Debito (Cabal &#8211; Maestro &#8211; Visa &#8211; Banco Rioja) &#8211; GO Cuotas<\/div>\n<div><\/div>\n<\/div>\n<p><span class=\"text-accent\"><span class=\"x19la9d6 x1fc57z9 x6ikm8r x10wlt62 x19co3pv x1g5zs5t xfibh0p xiy17q3 x1xsqp64 x1lkfr7t xexx8yu x4uap5 x18d9i69 xkhd6sd\"><span class=\"xrtxmta x1bhl96m\">\ud83d\ude9b <\/span><\/span><strong>ENVIO GRATIS<\/strong><\/span>\u00a0en la provincia de La Rioja, <span class=\"js-shipping-minimum-label\">superando <\/span><span class=\"js-shipping-minimum-label\">los $150.000,00. El envi\u00f3 para otras provincias ser\u00e1 por correo argentino o por transporte a convenir, a cargo del comprador.<\/span><\/p>\n<p>&nbsp;<\/p>\n","protected":false},"excerpt":{"rendered":"<p>ACTIVADOR 20 VOL &#8211; DOCTA Un complejo hidratante de Mecanismo Dual, que permite reforzar la barrera cut\u00e1nea optimizando su hidrataci\u00f3n. Una fragancia agradable y perdurable. Una Cabellera con suavidad, nutrici\u00f3n y brillo<a class=\"moretag\" href=\"https:\/\/renovepro.com.ar\/index.php\/product\/activador-20-vol-docta\/\">Read More&#8230;<\/a><\/p>\n","protected":false},"featured_media":2409,"comment_status":"open","ping_status":"closed","template":"","meta":[],"product_brand":[],"product_cat":[62],"product_tag":[],"class_list":{"0":"post-2408","1":"product","2":"type-product","3":"status-publish","4":"has-post-thumbnail","6":"product_cat-tinturas-oxidantes","8":"first","9":"instock","10":"sale","11":"shipping-taxable","12":"purchasable","13":"product-type-simple"},"jetpack_sharing_enabled":true,"_links":{"self":[{"href":"https:\/\/renovepro.com.ar\/index.php\/wp-json\/wp\/v2\/product\/2408","targetHints":{"allow":["GET"]}}],"collection":[{"href":"https:\/\/renovepro.com.ar\/index.php\/wp-json\/wp\/v2\/product"}],"about":[{"href":"https:\/\/renovepro.com.ar\/index.php\/wp-json\/wp\/v2\/types\/product"}],"replies":[{"embeddable":true,"href":"https:\/\/renovepro.com.ar\/index.php\/wp-json\/wp\/v2\/comments?post=2408"}],"wp:featuredmedia":[{"embeddable":true,"href":"https:\/\/renovepro.com.ar\/index.php\/wp-json\/wp\/v2\/media\/2409"}],"wp:attachment":[{"href":"https:\/\/renovepro.com.ar\/index.php\/wp-json\/wp\/v2\/media?parent=2408"}],"wp:term":[{"taxonomy":"product_brand","embeddable":true,"href":"https:\/\/renovepro.com.ar\/index.php\/wp-json\/wp\/v2\/product_brand?post=2408"},{"taxonomy":"product_cat","embeddable":true,"href":"https:\/\/renovepro.com.ar\/index.php\/wp-json\/wp\/v2\/product_cat?post=2408"},{"taxonomy":"product_tag","embeddable":true,"href":"https:\/\/renovepro.com.ar\/index.php\/wp-json\/wp\/v2\/product_tag?post=2408"}],"curies":[{"name":"wp","href":"https:\/\/api.w.org\/{rel}","templated":true}]}}