{"id":2399,"date":"2022-10-05T00:17:12","date_gmt":"2022-10-05T00:17:12","guid":{"rendered":"http:\/\/renovepro.com.ar\/?post_type=product&#038;p=2399"},"modified":"2026-01-13T14:19:49","modified_gmt":"2026-01-13T14:19:49","slug":"spray-creacion-coalix","status":"publish","type":"product","link":"https:\/\/renovepro.com.ar\/index.php\/product\/spray-creacion-coalix\/","title":{"rendered":"SPRAY CREACION &#8211; COALIX"},"content":{"rendered":"<p><strong>SPRAY CREACION &#8211; COALIX<\/strong><\/p>\n<p>Spray Creaci\u00f3n con \u00d3leo de Arg\u00e1n.<\/p>\n<p>Plano de Fijaci\u00f3n : Media (2)<\/p>\n<p>\u2013 Logra una fijaci\u00f3n media en el Peinado con una definici\u00f3n perfecta de la forma y la textura.<\/p>\n<p>\u2013 La Fibra Capilar queda d\u00f3cil y maleable permitiendo repeinar con seguridad.<\/p>\n<p><strong>SIN PARABENOS\u00a0<\/strong><\/p>\n<p>\ud83c\udf31 Apto Vegano<\/p>\n<p>\u270b Sin T.A.C.C<\/p>\n<p>\ud83d\udc30 Sin Crueldad Animal<\/p>\n<p><strong>CONT. NETO:<\/strong> 500ml.<\/p>\n<div class=\"modo_empleo\">\n<div><strong>MEDIOS DE PAGO:<\/strong> Pago por transferencia (Alias RENOVEPRO) &#8211; Mercado Pago &#8211; Tarjetas de cr\u00e9dito (Visa &#8211; MasterCard &#8211; American Express &#8211; Naranja &#8211; Banco Rioja) &#8211; Tarjetas de Debito (Cabal &#8211; Maestro &#8211; Visa &#8211; Banco Rioja) &#8211; GO Cuotas<\/div>\n<div><\/div>\n<\/div>\n<p><span class=\"text-accent\"><span class=\"x19la9d6 x1fc57z9 x6ikm8r x10wlt62 x19co3pv x1g5zs5t xfibh0p xiy17q3 x1xsqp64 x1lkfr7t xexx8yu x4uap5 x18d9i69 xkhd6sd\"><span class=\"xrtxmta x1bhl96m\">\ud83d\ude9b <\/span><\/span><strong>ENVIO GRATIS<\/strong><\/span>\u00a0en la provincia de La Rioja, <span class=\"js-shipping-minimum-label\">superando <\/span><span class=\"js-shipping-minimum-label\">los $150.000,00. El envi\u00f3 para otras provincias ser\u00e1 por correo argentino o por transporte a convenir, a cargo del comprador.<\/span><\/p>\n<p>&nbsp;<\/p>\n","protected":false},"excerpt":{"rendered":"<p>SPRAY CREACION &#8211; COALIX Spray Creaci\u00f3n con \u00d3leo de Arg\u00e1n. Plano de Fijaci\u00f3n : Media (2) \u2013 Logra una fijaci\u00f3n media en el Peinado con una definici\u00f3n perfecta de la forma y<a class=\"moretag\" href=\"https:\/\/renovepro.com.ar\/index.php\/product\/spray-creacion-coalix\/\">Read More&#8230;<\/a><\/p>\n","protected":false},"featured_media":4665,"comment_status":"open","ping_status":"closed","template":"","meta":[],"product_brand":[],"product_cat":[69],"product_tag":[],"class_list":{"0":"post-2399","1":"product","2":"type-product","3":"status-publish","4":"has-post-thumbnail","6":"product_cat-modelado-peinado","8":"first","9":"instock","10":"sale","11":"shipping-taxable","12":"purchasable","13":"product-type-simple"},"jetpack_sharing_enabled":true,"_links":{"self":[{"href":"https:\/\/renovepro.com.ar\/index.php\/wp-json\/wp\/v2\/product\/2399","targetHints":{"allow":["GET"]}}],"collection":[{"href":"https:\/\/renovepro.com.ar\/index.php\/wp-json\/wp\/v2\/product"}],"about":[{"href":"https:\/\/renovepro.com.ar\/index.php\/wp-json\/wp\/v2\/types\/product"}],"replies":[{"embeddable":true,"href":"https:\/\/renovepro.com.ar\/index.php\/wp-json\/wp\/v2\/comments?post=2399"}],"wp:featuredmedia":[{"embeddable":true,"href":"https:\/\/renovepro.com.ar\/index.php\/wp-json\/wp\/v2\/media\/4665"}],"wp:attachment":[{"href":"https:\/\/renovepro.com.ar\/index.php\/wp-json\/wp\/v2\/media?parent=2399"}],"wp:term":[{"taxonomy":"product_brand","embeddable":true,"href":"https:\/\/renovepro.com.ar\/index.php\/wp-json\/wp\/v2\/product_brand?post=2399"},{"taxonomy":"product_cat","embeddable":true,"href":"https:\/\/renovepro.com.ar\/index.php\/wp-json\/wp\/v2\/product_cat?post=2399"},{"taxonomy":"product_tag","embeddable":true,"href":"https:\/\/renovepro.com.ar\/index.php\/wp-json\/wp\/v2\/product_tag?post=2399"}],"curies":[{"name":"wp","href":"https:\/\/api.w.org\/{rel}","templated":true}]}}