{"id":2268,"date":"2022-10-01T18:08:39","date_gmt":"2022-10-01T18:08:39","guid":{"rendered":"http:\/\/renovepro.com.ar\/?post_type=product&#038;p=2268"},"modified":"2025-10-27T22:48:14","modified_gmt":"2025-10-27T22:48:14","slug":"desenredante-instantaneo-2-fases-fidelite","status":"publish","type":"product","link":"https:\/\/renovepro.com.ar\/index.php\/product\/desenredante-instantaneo-2-fases-fidelite\/","title":{"rendered":"DESENREDANTE INSTANTANEO 2 FASES &#8211; FIDELITE"},"content":{"rendered":"<p><strong>DESENREDANTE INSTANTANEO 2 FASES &#8211; FIDELITE<\/strong><\/p>\n<p>Desenreda el cabello, facilita el peinado y devuelve su esplendor de manera instant\u00e1nea. Desarrollado en un estado de agregaci\u00f3n bif\u00e1sica formada por una fase oleosa en su parte superior y una fase acuosa en su inferior. Para ser utilizado, debe ser agitado hasta formar una emulsi\u00f3n homog\u00e9nea. Contiene keratina que protege la estructura original del cabello de las agresiones externas. Protege y reestructura los da\u00f1os producidos por la radiaci\u00f3n UVA y UVB. Recomendable para cabellos sin brillo, descoloridos y alterados por da\u00f1os diversos. Las siliconas protectoras producen suavidad y brillo, devolviendo a los cabellos da\u00f1ados su apariencia natural y saludable. Poseen un magn\u00edfico desempe\u00f1o en desenredo y peinabilidad tanto en cabello h\u00famedo como seco. Aportan suavidad a\u00fan en las puntas florecidas. Posee filtro UV que protege al cabello de los rayos ultravioleta. NO DEJA EFECTO OLEOSO.<\/p>\n<p><strong>MODO DE USO<\/strong>: Agitar el contenido hasta fusionar ambas fases. Vaporizar a 20 cm de distancia, sobre el cabello h\u00famedo o seco. Proceder al peinado en la forma habitual.<\/p>\n<p><strong>CONT. NETO:<\/strong> 250ml.<\/p>\n<div class=\"modo_empleo\">\n<div><strong>MEDIOS DE PAGO:<\/strong> Pago por transferencia (Alias RENOVEPRO) &#8211; Mercado Pago &#8211; Tarjetas de cr\u00e9dito (Visa &#8211; MasterCard &#8211; American Express &#8211; Naranja &#8211; Banco Rioja) &#8211; Tarjetas de Debito (Cabal &#8211; Maestro &#8211; Visa &#8211; Banco Rioja) &#8211; GO Cuotas<\/div>\n<div><\/div>\n<\/div>\n<p><span class=\"text-accent\"><span class=\"x19la9d6 x1fc57z9 x6ikm8r x10wlt62 x19co3pv x1g5zs5t xfibh0p xiy17q3 x1xsqp64 x1lkfr7t xexx8yu x4uap5 x18d9i69 xkhd6sd\"><span class=\"xrtxmta x1bhl96m\">\ud83d\ude9b <\/span><\/span><strong>ENVIO GRATIS<\/strong><\/span>\u00a0en la provincia de La Rioja, <span class=\"js-shipping-minimum-label\">superando <\/span><span class=\"js-shipping-minimum-label\">los $150.000,00. El envi\u00f3 para otras provincias ser\u00e1 por correo argentino o por transporte a convenir, a cargo del comprador.<\/span><\/p>\n<p>&nbsp;<\/p>\n","protected":false},"excerpt":{"rendered":"<p>DESENREDANTE INSTANTANEO 2 FASES &#8211; FIDELITE Desenreda el cabello, facilita el peinado y devuelve su esplendor de manera instant\u00e1nea. Desarrollado en un estado de agregaci\u00f3n bif\u00e1sica formada por una fase oleosa en<a class=\"moretag\" href=\"https:\/\/renovepro.com.ar\/index.php\/product\/desenredante-instantaneo-2-fases-fidelite\/\">Read More&#8230;<\/a><\/p>\n","protected":false},"featured_media":2269,"comment_status":"open","ping_status":"closed","template":"","meta":[],"product_brand":[],"product_cat":[69,60],"product_tag":[],"class_list":{"0":"post-2268","1":"product","2":"type-product","3":"status-publish","4":"has-post-thumbnail","6":"product_cat-modelado-peinado","7":"product_cat-shampoo-acondicionador","9":"first","10":"instock","11":"sale","12":"shipping-taxable","13":"purchasable","14":"product-type-simple"},"jetpack_sharing_enabled":true,"_links":{"self":[{"href":"https:\/\/renovepro.com.ar\/index.php\/wp-json\/wp\/v2\/product\/2268","targetHints":{"allow":["GET"]}}],"collection":[{"href":"https:\/\/renovepro.com.ar\/index.php\/wp-json\/wp\/v2\/product"}],"about":[{"href":"https:\/\/renovepro.com.ar\/index.php\/wp-json\/wp\/v2\/types\/product"}],"replies":[{"embeddable":true,"href":"https:\/\/renovepro.com.ar\/index.php\/wp-json\/wp\/v2\/comments?post=2268"}],"wp:featuredmedia":[{"embeddable":true,"href":"https:\/\/renovepro.com.ar\/index.php\/wp-json\/wp\/v2\/media\/2269"}],"wp:attachment":[{"href":"https:\/\/renovepro.com.ar\/index.php\/wp-json\/wp\/v2\/media?parent=2268"}],"wp:term":[{"taxonomy":"product_brand","embeddable":true,"href":"https:\/\/renovepro.com.ar\/index.php\/wp-json\/wp\/v2\/product_brand?post=2268"},{"taxonomy":"product_cat","embeddable":true,"href":"https:\/\/renovepro.com.ar\/index.php\/wp-json\/wp\/v2\/product_cat?post=2268"},{"taxonomy":"product_tag","embeddable":true,"href":"https:\/\/renovepro.com.ar\/index.php\/wp-json\/wp\/v2\/product_tag?post=2268"}],"curies":[{"name":"wp","href":"https:\/\/api.w.org\/{rel}","templated":true}]}}