{"id":2266,"date":"2022-10-01T15:32:03","date_gmt":"2022-10-01T15:32:03","guid":{"rendered":"http:\/\/renovepro.com.ar\/?post_type=product&#038;p=2266"},"modified":"2026-04-01T16:44:05","modified_gmt":"2026-04-01T16:44:05","slug":"protector-termico-caviar-fidelite","status":"publish","type":"product","link":"https:\/\/renovepro.com.ar\/index.php\/product\/protector-termico-caviar-fidelite\/","title":{"rendered":"PROTECTOR TERMICO CAVIAR &#8211; FIDELITE"},"content":{"rendered":"<p><strong>PROTECTOR TERMICO CAVIAR &#8211; FIDELITE<\/strong><\/p>\n<p>Es un tratamiento capilar anti-age que combate el envejecimiento capilar. Contiene siliconas protectoras, extracto de caviar, D-Pantenol y prote\u00ednas de trigo, soja y arroz. Genera una pel\u00edcula que envuelve la fibra capilar protegi\u00e9ndola del calor extremo. Aporta hidrataci\u00f3n profunda y nutrici\u00f3n intensa al cabello. Proporciona brillo, suavidad e hidrataci\u00f3n. Posee filtro UV que protege al cabello de los rayos ultravioleta. Contiene vitamina E como antioxidante. No contiene agua. 100% siliconas y prote\u00ednas.<\/p>\n<p><strong>MODO DE USO<\/strong>: Vaporizar a 20 cm de distancia sobre el cabello h\u00famedo previamente lavado y acondicionado. Hacer brushing y\/o planchado.<\/p>\n<p><strong>CONT. NETO:<\/strong> 120ml.<\/p>\n<div class=\"modo_empleo\">\n<div><strong>MEDIOS DE PAGO:<\/strong> Pago por transferencia (Alias RENOVEPRO) &#8211; Mercado Pago &#8211; Tarjetas de cr\u00e9dito (Visa &#8211; MasterCard &#8211; American Express &#8211; Naranja &#8211; Banco Rioja) &#8211; Tarjetas de Debito (Cabal &#8211; Maestro &#8211; Visa &#8211; Banco Rioja) &#8211; GO Cuotas<\/div>\n<div><\/div>\n<\/div>\n<p><span class=\"text-accent\"><span class=\"x19la9d6 x1fc57z9 x6ikm8r x10wlt62 x19co3pv x1g5zs5t xfibh0p xiy17q3 x1xsqp64 x1lkfr7t xexx8yu x4uap5 x18d9i69 xkhd6sd\"><span class=\"xrtxmta x1bhl96m\">\ud83d\ude9b <\/span><\/span><strong>ENVIO GRATIS<\/strong><\/span>\u00a0en la provincia de La Rioja, <span class=\"js-shipping-minimum-label\">superando <\/span><span class=\"js-shipping-minimum-label\">los $150.000,00. El envi\u00f3 para otras provincias ser\u00e1 por correo argentino o por transporte a convenir, a cargo del comprador.<\/span><\/p>\n<p>&nbsp;<\/p>\n","protected":false},"excerpt":{"rendered":"<p>PROTECTOR TERMICO CAVIAR &#8211; FIDELITE Es un tratamiento capilar anti-age que combate el envejecimiento capilar. Contiene siliconas protectoras, extracto de caviar, D-Pantenol y prote\u00ednas de trigo, soja y arroz. Genera una pel\u00edcula<a class=\"moretag\" href=\"https:\/\/renovepro.com.ar\/index.php\/product\/protector-termico-caviar-fidelite\/\">Read More&#8230;<\/a><\/p>\n","protected":false},"featured_media":2267,"comment_status":"open","ping_status":"closed","template":"","meta":[],"product_brand":[],"product_cat":[63],"product_tag":[],"class_list":{"0":"post-2266","1":"product","2":"type-product","3":"status-publish","4":"has-post-thumbnail","6":"product_cat-protectores-capilares","8":"first","9":"instock","10":"sale","11":"shipping-taxable","12":"purchasable","13":"product-type-simple"},"jetpack_sharing_enabled":true,"_links":{"self":[{"href":"https:\/\/renovepro.com.ar\/index.php\/wp-json\/wp\/v2\/product\/2266","targetHints":{"allow":["GET"]}}],"collection":[{"href":"https:\/\/renovepro.com.ar\/index.php\/wp-json\/wp\/v2\/product"}],"about":[{"href":"https:\/\/renovepro.com.ar\/index.php\/wp-json\/wp\/v2\/types\/product"}],"replies":[{"embeddable":true,"href":"https:\/\/renovepro.com.ar\/index.php\/wp-json\/wp\/v2\/comments?post=2266"}],"wp:featuredmedia":[{"embeddable":true,"href":"https:\/\/renovepro.com.ar\/index.php\/wp-json\/wp\/v2\/media\/2267"}],"wp:attachment":[{"href":"https:\/\/renovepro.com.ar\/index.php\/wp-json\/wp\/v2\/media?parent=2266"}],"wp:term":[{"taxonomy":"product_brand","embeddable":true,"href":"https:\/\/renovepro.com.ar\/index.php\/wp-json\/wp\/v2\/product_brand?post=2266"},{"taxonomy":"product_cat","embeddable":true,"href":"https:\/\/renovepro.com.ar\/index.php\/wp-json\/wp\/v2\/product_cat?post=2266"},{"taxonomy":"product_tag","embeddable":true,"href":"https:\/\/renovepro.com.ar\/index.php\/wp-json\/wp\/v2\/product_tag?post=2266"}],"curies":[{"name":"wp","href":"https:\/\/api.w.org\/{rel}","templated":true}]}}