{"id":2254,"date":"2022-10-01T14:56:57","date_gmt":"2022-10-01T14:56:57","guid":{"rendered":"http:\/\/renovepro.com.ar\/?post_type=product&#038;p=2254"},"modified":"2025-10-27T22:55:22","modified_gmt":"2025-10-27T22:55:22","slug":"tratamiento-reestructurante-semillas-de-lino-fidelite","status":"publish","type":"product","link":"https:\/\/renovepro.com.ar\/index.php\/product\/tratamiento-reestructurante-semillas-de-lino-fidelite\/","title":{"rendered":"TRATAMIENTO REESTRUCTURANTE SEMILLAS DE LINO &#8211; FIDELITE"},"content":{"rendered":"<p><strong>TRATAMIENTO REESTRUCTURANTE SEMILLAS DE LINO &#8211; FIDELITE<\/strong><\/p>\n<p>Tratamiento Capilar formulado a base de extracto de semillas de lino para cabellos sensibilizados y da\u00f1ados. Rica en \u00e1cidos grasos, caramidas y siliconas, reestructura la fibra capilar, aporta nutrientes esenciales y cierra la cut\u00edcula. Anti-frizz.<\/p>\n<p><strong>MODO DE USO<\/strong>: Aplicar el contenido de la ampolla sobre el cabello lavado y h\u00famedo. Esparcir, evitando la ra\u00edz. Dejar actuar m\u00ednimo 5 minutos. Enjuagar con agua tibia. Para una recuperaci\u00f3n intensiva aplicar dos veces por semana<\/p>\n<div class=\"texto\">\n<p><strong>CONT. NETO:<\/strong> 15ml.<\/p>\n<div class=\"modo_empleo\">\n<div><strong>MEDIOS DE PAGO:<\/strong> Pago por transferencia (Alias RENOVEPRO) &#8211; Mercado Pago &#8211; Tarjetas de cr\u00e9dito (Visa &#8211; MasterCard &#8211; American Express &#8211; Naranja &#8211; Banco Rioja) &#8211; Tarjetas de Debito (Cabal &#8211; Maestro &#8211; Visa &#8211; Banco Rioja) &#8211; GO Cuotas<\/div>\n<div><\/div>\n<\/div>\n<p><span class=\"text-accent\"><span class=\"x19la9d6 x1fc57z9 x6ikm8r x10wlt62 x19co3pv x1g5zs5t xfibh0p xiy17q3 x1xsqp64 x1lkfr7t xexx8yu x4uap5 x18d9i69 xkhd6sd\"><span class=\"xrtxmta x1bhl96m\">\ud83d\ude9b <\/span><\/span><strong>ENVIO GRATIS<\/strong><\/span>\u00a0en la provincia de La Rioja, <span class=\"js-shipping-minimum-label\">superando <\/span><span class=\"js-shipping-minimum-label\">los $150.000,00. El envi\u00f3 para otras provincias ser\u00e1 por correo argentino o por transporte a convenir, a cargo del comprador.<\/span><\/p>\n<p>&nbsp;<\/p>\n<\/div>\n","protected":false},"excerpt":{"rendered":"<p>TRATAMIENTO REESTRUCTURANTE SEMILLAS DE LINO &#8211; FIDELITE Tratamiento Capilar formulado a base de extracto de semillas de lino para cabellos sensibilizados y da\u00f1ados. Rica en \u00e1cidos grasos, caramidas y siliconas, reestructura la<a class=\"moretag\" href=\"https:\/\/renovepro.com.ar\/index.php\/product\/tratamiento-reestructurante-semillas-de-lino-fidelite\/\">Read More&#8230;<\/a><\/p>\n","protected":false},"featured_media":2255,"comment_status":"open","ping_status":"closed","template":"","meta":[],"product_brand":[],"product_cat":[68],"product_tag":[],"class_list":{"0":"post-2254","1":"product","2":"type-product","3":"status-publish","4":"has-post-thumbnail","6":"product_cat-ampollas-capilares","8":"first","9":"instock","10":"sale","11":"shipping-taxable","12":"purchasable","13":"product-type-simple"},"jetpack_sharing_enabled":true,"_links":{"self":[{"href":"https:\/\/renovepro.com.ar\/index.php\/wp-json\/wp\/v2\/product\/2254","targetHints":{"allow":["GET"]}}],"collection":[{"href":"https:\/\/renovepro.com.ar\/index.php\/wp-json\/wp\/v2\/product"}],"about":[{"href":"https:\/\/renovepro.com.ar\/index.php\/wp-json\/wp\/v2\/types\/product"}],"replies":[{"embeddable":true,"href":"https:\/\/renovepro.com.ar\/index.php\/wp-json\/wp\/v2\/comments?post=2254"}],"wp:featuredmedia":[{"embeddable":true,"href":"https:\/\/renovepro.com.ar\/index.php\/wp-json\/wp\/v2\/media\/2255"}],"wp:attachment":[{"href":"https:\/\/renovepro.com.ar\/index.php\/wp-json\/wp\/v2\/media?parent=2254"}],"wp:term":[{"taxonomy":"product_brand","embeddable":true,"href":"https:\/\/renovepro.com.ar\/index.php\/wp-json\/wp\/v2\/product_brand?post=2254"},{"taxonomy":"product_cat","embeddable":true,"href":"https:\/\/renovepro.com.ar\/index.php\/wp-json\/wp\/v2\/product_cat?post=2254"},{"taxonomy":"product_tag","embeddable":true,"href":"https:\/\/renovepro.com.ar\/index.php\/wp-json\/wp\/v2\/product_tag?post=2254"}],"curies":[{"name":"wp","href":"https:\/\/api.w.org\/{rel}","templated":true}]}}