{"id":2245,"date":"2022-10-01T00:50:18","date_gmt":"2022-10-01T00:50:18","guid":{"rendered":"http:\/\/renovepro.com.ar\/?post_type=product&#038;p=2245"},"modified":"2026-01-13T14:26:52","modified_gmt":"2026-01-13T14:26:52","slug":"crema-de-peinado-tenidos-fidelite","status":"publish","type":"product","link":"https:\/\/renovepro.com.ar\/index.php\/product\/crema-de-peinado-tenidos-fidelite\/","title":{"rendered":"CREMA DE PEINADO TE\u00d1IDOS &#8211; FIDELITE"},"content":{"rendered":"<p><strong>CREMA DE PEINADO TE\u00d1IDOS &#8211; FIDELITE<\/strong><\/p>\n<p>Es un tratamiento anti-age que combate y retarda el envejecimiento capilar. Crea una pel\u00edcula protectora alrededor del cabello que permite optimizar la retenci\u00f3n del color y prolongar su duraci\u00f3n. Cabellos con color m\u00e1s intenso y duradero. Contiene extracto de caviar, D-Pantenol y prote\u00ednas de trigo, seda, soja y arroz. Devuelve la vitalidad perdida otorgando brillo, suavidad e hidrataci\u00f3n. Posee filtro UV que lo protege de los rayos ultravioleta.<\/p>\n<p><strong>MODO DE USO<\/strong>: Aplicar\u00a0la cantidad necesaria sobre el\u00a0cabello h\u00famedo. Masajear esparciendo el producto por\u00a0 toda\u00a0 la\u00a0 cabellera y proceder al peinado. No enjuagar. Dejar secar naturalmente o con secador de cabello.<\/p>\n<p><strong>CONT. NETO:<\/strong> 250ml.<\/p>\n<div class=\"modo_empleo\">\n<div><strong>MEDIOS DE PAGO:<\/strong> Pago por transferencia (Alias RENOVEPRO) &#8211; Mercado Pago &#8211; Tarjetas de cr\u00e9dito (Visa &#8211; MasterCard &#8211; American Express &#8211; Naranja &#8211; Banco Rioja) &#8211; Tarjetas de Debito (Cabal &#8211; Maestro &#8211; Visa &#8211; Banco Rioja) &#8211; GO Cuotas<\/div>\n<div><\/div>\n<\/div>\n<p><span class=\"text-accent\"><span class=\"x19la9d6 x1fc57z9 x6ikm8r x10wlt62 x19co3pv x1g5zs5t xfibh0p xiy17q3 x1xsqp64 x1lkfr7t xexx8yu x4uap5 x18d9i69 xkhd6sd\"><span class=\"xrtxmta x1bhl96m\">\ud83d\ude9b <\/span><\/span><strong>ENVIO GRATIS<\/strong><\/span>\u00a0en la provincia de La Rioja, <span class=\"js-shipping-minimum-label\">superando <\/span><span class=\"js-shipping-minimum-label\">los $150.000,00. El envi\u00f3 para otras provincias ser\u00e1 por correo argentino o por transporte a convenir, a cargo del comprador.<\/span><\/p>\n<p>&nbsp;<\/p>\n<p>&nbsp;<\/p>\n","protected":false},"excerpt":{"rendered":"<p>CREMA DE PEINADO TE\u00d1IDOS &#8211; FIDELITE Es un tratamiento anti-age que combate y retarda el envejecimiento capilar. Crea una pel\u00edcula protectora alrededor del cabello que permite optimizar la retenci\u00f3n del color y<a class=\"moretag\" href=\"https:\/\/renovepro.com.ar\/index.php\/product\/crema-de-peinado-tenidos-fidelite\/\">Read More&#8230;<\/a><\/p>\n","protected":false},"featured_media":2246,"comment_status":"open","ping_status":"closed","template":"","meta":[],"product_brand":[],"product_cat":[69],"product_tag":[],"class_list":{"0":"post-2245","1":"product","2":"type-product","3":"status-publish","4":"has-post-thumbnail","6":"product_cat-modelado-peinado","8":"first","9":"instock","10":"sale","11":"shipping-taxable","12":"purchasable","13":"product-type-simple"},"jetpack_sharing_enabled":true,"_links":{"self":[{"href":"https:\/\/renovepro.com.ar\/index.php\/wp-json\/wp\/v2\/product\/2245","targetHints":{"allow":["GET"]}}],"collection":[{"href":"https:\/\/renovepro.com.ar\/index.php\/wp-json\/wp\/v2\/product"}],"about":[{"href":"https:\/\/renovepro.com.ar\/index.php\/wp-json\/wp\/v2\/types\/product"}],"replies":[{"embeddable":true,"href":"https:\/\/renovepro.com.ar\/index.php\/wp-json\/wp\/v2\/comments?post=2245"}],"wp:featuredmedia":[{"embeddable":true,"href":"https:\/\/renovepro.com.ar\/index.php\/wp-json\/wp\/v2\/media\/2246"}],"wp:attachment":[{"href":"https:\/\/renovepro.com.ar\/index.php\/wp-json\/wp\/v2\/media?parent=2245"}],"wp:term":[{"taxonomy":"product_brand","embeddable":true,"href":"https:\/\/renovepro.com.ar\/index.php\/wp-json\/wp\/v2\/product_brand?post=2245"},{"taxonomy":"product_cat","embeddable":true,"href":"https:\/\/renovepro.com.ar\/index.php\/wp-json\/wp\/v2\/product_cat?post=2245"},{"taxonomy":"product_tag","embeddable":true,"href":"https:\/\/renovepro.com.ar\/index.php\/wp-json\/wp\/v2\/product_tag?post=2245"}],"curies":[{"name":"wp","href":"https:\/\/api.w.org\/{rel}","templated":true}]}}