{"id":2232,"date":"2022-10-01T00:18:52","date_gmt":"2022-10-01T00:18:52","guid":{"rendered":"http:\/\/renovepro.com.ar\/?post_type=product&#038;p=2232"},"modified":"2025-10-27T23:08:06","modified_gmt":"2025-10-27T23:08:06","slug":"crema-extra-acida-fidelite","status":"publish","type":"product","link":"https:\/\/renovepro.com.ar\/index.php\/product\/crema-extra-acida-fidelite\/","title":{"rendered":"MASCARA CAPILAR EXTRA ACIDA &#8211; FIDELITE"},"content":{"rendered":"<p><strong>MASCARA CAPILAR EXTRA ACIDA &#8211; FIDELITE<\/strong><\/p>\n<p>La Mascara Capilar Extra Acida Fidelite fue desarrollada para ser aplicada luego del uso de Coloraci\u00f3n crema de belleza para el cabello Colormaster. Gracias a su pH extra \u00e1cido logra restaurar el cabello en su totalidad, sella la fibra capilar y fija el color. Otorga una hidrataci\u00f3n profunda, logrando como resultado cabellos saludables y con brillo. Gran poder desenredante.<\/p>\n<p><strong>MODO DE USO<\/strong>: Aplicar la cantidad necesaria sobre el cabello mojado. Dejar actuar de 3 a 5 minutos. Enjuagar bien.<\/p>\n<p><strong>CONT. NETO:<\/strong> 1000g.<\/p>\n<div class=\"modo_empleo\">\n<div><strong>MEDIOS DE PAGO:<\/strong> Pago por transferencia (Alias RENOVEPRO) &#8211; Mercado Pago &#8211; Tarjetas de cr\u00e9dito (Visa &#8211; MasterCard &#8211; American Express &#8211; Naranja &#8211; Banco Rioja) &#8211; Tarjetas de Debito (Cabal &#8211; Maestro &#8211; Visa &#8211; Banco Rioja) &#8211; GO Cuotas<\/div>\n<div><\/div>\n<\/div>\n<p><span class=\"text-accent\"><span class=\"x19la9d6 x1fc57z9 x6ikm8r x10wlt62 x19co3pv x1g5zs5t xfibh0p xiy17q3 x1xsqp64 x1lkfr7t xexx8yu x4uap5 x18d9i69 xkhd6sd\"><span class=\"xrtxmta x1bhl96m\">\ud83d\ude9b <\/span><\/span><strong>ENVIO GRATIS<\/strong><\/span>\u00a0en la provincia de La Rioja, <span class=\"js-shipping-minimum-label\">superando <\/span><span class=\"js-shipping-minimum-label\">los $150.000,00. El envi\u00f3 para otras provincias ser\u00e1 por correo argentino o por transporte a convenir, a cargo del comprador.<\/span><\/p>\n<p>&nbsp;<\/p>\n<p>&nbsp;<\/p>\n","protected":false},"excerpt":{"rendered":"<p>MASCARA CAPILAR EXTRA ACIDA &#8211; FIDELITE La Mascara Capilar Extra Acida Fidelite fue desarrollada para ser aplicada luego del uso de Coloraci\u00f3n crema de belleza para el cabello Colormaster. Gracias a su<a class=\"moretag\" href=\"https:\/\/renovepro.com.ar\/index.php\/product\/crema-extra-acida-fidelite\/\">Read More&#8230;<\/a><\/p>\n","protected":false},"featured_media":2233,"comment_status":"open","ping_status":"closed","template":"","meta":[],"product_brand":[],"product_cat":[58],"product_tag":[],"class_list":{"0":"post-2232","1":"product","2":"type-product","3":"status-publish","4":"has-post-thumbnail","6":"product_cat-mascaras-capilares","8":"first","9":"instock","10":"sale","11":"shipping-taxable","12":"purchasable","13":"product-type-simple"},"jetpack_sharing_enabled":true,"_links":{"self":[{"href":"https:\/\/renovepro.com.ar\/index.php\/wp-json\/wp\/v2\/product\/2232","targetHints":{"allow":["GET"]}}],"collection":[{"href":"https:\/\/renovepro.com.ar\/index.php\/wp-json\/wp\/v2\/product"}],"about":[{"href":"https:\/\/renovepro.com.ar\/index.php\/wp-json\/wp\/v2\/types\/product"}],"replies":[{"embeddable":true,"href":"https:\/\/renovepro.com.ar\/index.php\/wp-json\/wp\/v2\/comments?post=2232"}],"wp:featuredmedia":[{"embeddable":true,"href":"https:\/\/renovepro.com.ar\/index.php\/wp-json\/wp\/v2\/media\/2233"}],"wp:attachment":[{"href":"https:\/\/renovepro.com.ar\/index.php\/wp-json\/wp\/v2\/media?parent=2232"}],"wp:term":[{"taxonomy":"product_brand","embeddable":true,"href":"https:\/\/renovepro.com.ar\/index.php\/wp-json\/wp\/v2\/product_brand?post=2232"},{"taxonomy":"product_cat","embeddable":true,"href":"https:\/\/renovepro.com.ar\/index.php\/wp-json\/wp\/v2\/product_cat?post=2232"},{"taxonomy":"product_tag","embeddable":true,"href":"https:\/\/renovepro.com.ar\/index.php\/wp-json\/wp\/v2\/product_tag?post=2232"}],"curies":[{"name":"wp","href":"https:\/\/api.w.org\/{rel}","templated":true}]}}