{"id":2201,"date":"2022-09-30T23:19:53","date_gmt":"2022-09-30T23:19:53","guid":{"rendered":"http:\/\/renovepro.com.ar\/?post_type=product&#038;p=2201"},"modified":"2026-01-12T22:07:00","modified_gmt":"2026-01-12T22:07:00","slug":"acondicionador-corrector-tonos-7-a-9-fidelite","status":"publish","type":"product","link":"https:\/\/renovepro.com.ar\/index.php\/product\/acondicionador-corrector-tonos-7-a-9-fidelite\/","title":{"rendered":"ACONDICIONADOR CORRECTOR TONOS 7 A 9 &#8211; FIDELITE"},"content":{"rendered":"<p><strong>ACONDICIONADOR CORRECTOR TONOS 7 A 9 &#8211; FIDELITE<\/strong><\/p>\n<p>Acondicionador que nivela el color y reduce los tonos amarillos y anaranjados indeseados, obteniendo el caracter\u00edstico rubio correspondiente a las alturas 7 y 9.\u00a0Devuelve brillo y vitalidad al cabello maltratado luego del proceso de coloraci\u00f3n, gracias a su alto contenido de Keratina. Es un producto de r\u00e1pida acci\u00f3n, ya que los activos de su f\u00f3rmula comienzan a actuar al cabo de s\u00f3lo 3 minutos de aplicaci\u00f3n.<\/p>\n<p><strong>MODO DE USO<\/strong>: Aplicar de medios a puntas sobre el cabello reci\u00e9n lavado con FIDELIT\u00c9 REINVENTION SHAMPOO y dejar actuar al menos 3 minutos. Enjuagar y repetir tres veces por semana alternando con el acondicionador habitual, hasta conseguir el tono deseado.<\/p>\n<p><strong>IMPORTANTE:<\/strong> Una vez obtenido el tono deseado, realizar s\u00f3lo mantenimiento, llevando a cabo nuevamente el proceso s\u00f3lo cuando las tonalidades indeseadas vuelvan a aparecer.<\/p>\n<p><strong>CONT. NETO:<\/strong> 230ml.<\/p>\n<div class=\"modo_empleo\">\n<div><strong>MEDIOS DE PAGO:<\/strong> Pago por transferencia (Alias RENOVEPRO) &#8211; Mercado Pago &#8211; Tarjetas de cr\u00e9dito (Visa &#8211; MasterCard &#8211; American Express &#8211; Naranja &#8211; Banco Rioja) &#8211; Tarjetas de Debito (Cabal &#8211; Maestro &#8211; Visa &#8211; Banco Rioja) &#8211; GO Cuotas<\/div>\n<div><\/div>\n<\/div>\n<p><span class=\"text-accent\"><span class=\"x19la9d6 x1fc57z9 x6ikm8r x10wlt62 x19co3pv x1g5zs5t xfibh0p xiy17q3 x1xsqp64 x1lkfr7t xexx8yu x4uap5 x18d9i69 xkhd6sd\"><span class=\"xrtxmta x1bhl96m\">\ud83d\ude9b <\/span><\/span><strong>ENVIO GRATIS<\/strong><\/span>\u00a0en la provincia de La Rioja, <span class=\"js-shipping-minimum-label\">superando <\/span><span class=\"js-shipping-minimum-label\">los $150.000,00. El envi\u00f3 para otras provincias ser\u00e1 por correo argentino o por transporte a convenir, a cargo del comprador.<\/span><\/p>\n","protected":false},"excerpt":{"rendered":"<p>ACONDICIONADOR CORRECTOR TONOS 7 A 9 &#8211; FIDELITE Acondicionador que nivela el color y reduce los tonos amarillos y anaranjados indeseados, obteniendo el caracter\u00edstico rubio correspondiente a las alturas 7 y 9.\u00a0Devuelve<a class=\"moretag\" href=\"https:\/\/renovepro.com.ar\/index.php\/product\/acondicionador-corrector-tonos-7-a-9-fidelite\/\">Read More&#8230;<\/a><\/p>\n","protected":false},"featured_media":2202,"comment_status":"open","ping_status":"closed","template":"","meta":[],"product_brand":[],"product_cat":[241],"product_tag":[],"class_list":{"0":"post-2201","1":"product","2":"type-product","3":"status-publish","4":"has-post-thumbnail","6":"product_cat-matizadores","8":"first","9":"instock","10":"sale","11":"shipping-taxable","12":"purchasable","13":"product-type-simple"},"jetpack_sharing_enabled":true,"_links":{"self":[{"href":"https:\/\/renovepro.com.ar\/index.php\/wp-json\/wp\/v2\/product\/2201","targetHints":{"allow":["GET"]}}],"collection":[{"href":"https:\/\/renovepro.com.ar\/index.php\/wp-json\/wp\/v2\/product"}],"about":[{"href":"https:\/\/renovepro.com.ar\/index.php\/wp-json\/wp\/v2\/types\/product"}],"replies":[{"embeddable":true,"href":"https:\/\/renovepro.com.ar\/index.php\/wp-json\/wp\/v2\/comments?post=2201"}],"wp:featuredmedia":[{"embeddable":true,"href":"https:\/\/renovepro.com.ar\/index.php\/wp-json\/wp\/v2\/media\/2202"}],"wp:attachment":[{"href":"https:\/\/renovepro.com.ar\/index.php\/wp-json\/wp\/v2\/media?parent=2201"}],"wp:term":[{"taxonomy":"product_brand","embeddable":true,"href":"https:\/\/renovepro.com.ar\/index.php\/wp-json\/wp\/v2\/product_brand?post=2201"},{"taxonomy":"product_cat","embeddable":true,"href":"https:\/\/renovepro.com.ar\/index.php\/wp-json\/wp\/v2\/product_cat?post=2201"},{"taxonomy":"product_tag","embeddable":true,"href":"https:\/\/renovepro.com.ar\/index.php\/wp-json\/wp\/v2\/product_tag?post=2201"}],"curies":[{"name":"wp","href":"https:\/\/api.w.org\/{rel}","templated":true}]}}