{"id":2199,"date":"2022-09-30T23:08:12","date_gmt":"2022-09-30T23:08:12","guid":{"rendered":"http:\/\/renovepro.com.ar\/?post_type=product&#038;p=2199"},"modified":"2026-01-12T22:07:12","modified_gmt":"2026-01-12T22:07:12","slug":"shampoo-corrector-fidelite","status":"publish","type":"product","link":"https:\/\/renovepro.com.ar\/index.php\/product\/shampoo-corrector-fidelite\/","title":{"rendered":"SHAMPOO CORRECTOR VIOLETA &#8211; FIDELITE"},"content":{"rendered":"<p><strong>SHAMPOO CORRECTOR VIOLETA &#8211; FIDELITE<\/strong><\/p>\n<p>Shampoo formulado con pigmentos color violeta que neutralizan los tonos amarillos y anaranjados. Devuelve brillo y vitalidad al cabello maltratado luego del proceso de coloraci\u00f3n, gracias a su alto contenido de Keratina. Es un producto de r\u00e1pida acci\u00f3n, ya que los activos de su f\u00f3rmula comienzan a actuar al cabo de s\u00f3lo 3 minutos de aplicaci\u00f3n.<\/p>\n<p><strong>MODO DE USO<\/strong>:<\/p>\n<p><strong>PRE-LAVADO:<\/strong> Realizar un primer lavado con shampoo habitual.<\/p>\n<p><strong>LAVADO:<\/strong>\u00a0Aplicar y distribuir el shampoo sobre cabello mojado. Masajear con la yema de los dedos el cuero cabelludo, esparciendo el producto por toda la cabellera. Dejar actuar 3 minutos y enjuagar con abundante agua.<\/p>\n<p><strong>FINALIZADO:<\/strong> Completar con FIDELIT\u00c9 REINVENTION ACONDICIONADOR y\u00a0repetir el proceso 3 veces por semana hasta lograr el tono deseado.<\/p>\n<p><strong>IMPORTANTE:<\/strong> Una vez obtenido el tono deseado, realizar s\u00f3lo mantenimiento, llevando a cabo nuevamente el proceso s\u00f3lo cuando las tonalidades indeseadas vuelvan a aparecer.<\/p>\n<p><strong>CONT. NETO:<\/strong> 230ml.<\/p>\n<div class=\"modo_empleo\">\n<div><strong>MEDIOS DE PAGO:<\/strong> Pago por transferencia (Alias RENOVEPRO) &#8211; Mercado Pago &#8211; Tarjetas de cr\u00e9dito (Visa &#8211; MasterCard &#8211; American Express &#8211; Naranja &#8211; Banco Rioja) &#8211; Tarjetas de Debito (Cabal &#8211; Maestro &#8211; Visa &#8211; Banco Rioja) &#8211; GO Cuotas<\/div>\n<div><\/div>\n<\/div>\n<p><span class=\"text-accent\"><span class=\"x19la9d6 x1fc57z9 x6ikm8r x10wlt62 x19co3pv x1g5zs5t xfibh0p xiy17q3 x1xsqp64 x1lkfr7t xexx8yu x4uap5 x18d9i69 xkhd6sd\"><span class=\"xrtxmta x1bhl96m\">\ud83d\ude9b <\/span><\/span><strong>ENVIO GRATIS<\/strong><\/span>\u00a0en la provincia de La Rioja, <span class=\"js-shipping-minimum-label\">superando <\/span><span class=\"js-shipping-minimum-label\">los $150.000,00. El envi\u00f3 para otras provincias ser\u00e1 por correo argentino o por transporte a convenir, a cargo del comprador.<\/span><\/p>\n<div class=\"texto\">\n<p>&nbsp;<\/p>\n<\/div>\n","protected":false},"excerpt":{"rendered":"<p>SHAMPOO CORRECTOR VIOLETA &#8211; FIDELITE Shampoo formulado con pigmentos color violeta que neutralizan los tonos amarillos y anaranjados. Devuelve brillo y vitalidad al cabello maltratado luego del proceso de coloraci\u00f3n, gracias a<a class=\"moretag\" href=\"https:\/\/renovepro.com.ar\/index.php\/product\/shampoo-corrector-fidelite\/\">Read More&#8230;<\/a><\/p>\n","protected":false},"featured_media":2200,"comment_status":"open","ping_status":"closed","template":"","meta":[],"product_brand":[],"product_cat":[241],"product_tag":[],"class_list":{"0":"post-2199","1":"product","2":"type-product","3":"status-publish","4":"has-post-thumbnail","6":"product_cat-matizadores","8":"first","9":"instock","10":"sale","11":"shipping-taxable","12":"purchasable","13":"product-type-simple"},"jetpack_sharing_enabled":true,"_links":{"self":[{"href":"https:\/\/renovepro.com.ar\/index.php\/wp-json\/wp\/v2\/product\/2199","targetHints":{"allow":["GET"]}}],"collection":[{"href":"https:\/\/renovepro.com.ar\/index.php\/wp-json\/wp\/v2\/product"}],"about":[{"href":"https:\/\/renovepro.com.ar\/index.php\/wp-json\/wp\/v2\/types\/product"}],"replies":[{"embeddable":true,"href":"https:\/\/renovepro.com.ar\/index.php\/wp-json\/wp\/v2\/comments?post=2199"}],"wp:featuredmedia":[{"embeddable":true,"href":"https:\/\/renovepro.com.ar\/index.php\/wp-json\/wp\/v2\/media\/2200"}],"wp:attachment":[{"href":"https:\/\/renovepro.com.ar\/index.php\/wp-json\/wp\/v2\/media?parent=2199"}],"wp:term":[{"taxonomy":"product_brand","embeddable":true,"href":"https:\/\/renovepro.com.ar\/index.php\/wp-json\/wp\/v2\/product_brand?post=2199"},{"taxonomy":"product_cat","embeddable":true,"href":"https:\/\/renovepro.com.ar\/index.php\/wp-json\/wp\/v2\/product_cat?post=2199"},{"taxonomy":"product_tag","embeddable":true,"href":"https:\/\/renovepro.com.ar\/index.php\/wp-json\/wp\/v2\/product_tag?post=2199"}],"curies":[{"name":"wp","href":"https:\/\/api.w.org\/{rel}","templated":true}]}}