{"id":2108,"date":"2022-09-29T19:24:41","date_gmt":"2022-09-29T19:24:41","guid":{"rendered":"http:\/\/renovepro.com.ar\/?post_type=product&#038;p=2108"},"modified":"2025-10-28T01:07:07","modified_gmt":"2025-10-28T01:07:07","slug":"ampolla-capilar-argan-mas-belleza","status":"publish","type":"product","link":"https:\/\/renovepro.com.ar\/index.php\/product\/ampolla-capilar-argan-mas-belleza\/","title":{"rendered":"AMPOLLA CAPILAR ARGAN &#8211; MAS BELLEZA"},"content":{"rendered":"<p><strong>AMPOLLA CAPILAR ARGAN &#8211; MAS BELLEZA<\/strong><\/p>\n<p>Desarrollado para reparar e hidratar la fibra capilar, aportando brillo y suavidad al cabello. Recomendado para cabellos opacos, debilitados y quebradizos, expuestos a agresiones. Repara instant\u00e1neamente el da\u00f1o.<\/p>\n<p><strong>MODO DE USO<\/strong>: Si el producto presenta CONGELAMIENTO (partes blancas), reconstituir antes de utilizar: sumergir la ampolla en agua caliente hasta que recupere su transparencia. Colocar los 10 ml. de la ampolla con 50 ml. de agua tibia en un bol y mezclar con pincel hasta obtener una crema homog\u00e9nea. Aplicar y esparcir sobre el cabello lavado y h\u00famedo, evitando la ra\u00edz. Dejar actuar m\u00ednimo 10 minutos con vapor o 20 minutos con gorra pl\u00e1stica y enjuagar.<\/p>\n<p><strong>CON<\/strong><strong>T. NETO:<\/strong> 10ml.<\/p>\n<p><strong>MEDIOS DE PAGO:<\/strong>\u00a0Pago por transferencia (Alias RENOVEPRO) &#8211; Mercado Pago &#8211; Tarjetas de cr\u00e9dito (Visa &#8211; MasterCard &#8211; American Express &#8211; Naranja &#8211; Banco Rioja) &#8211; Tarjetas de Debito (Cabal &#8211; Maestro &#8211; Visa &#8211; Banco Rioja) &#8211; GO Cuotas<\/p>\n<p><span class=\"text-accent\"><span class=\"x19la9d6 x1fc57z9 x6ikm8r x10wlt62 x19co3pv x1g5zs5t xfibh0p xiy17q3 x1xsqp64 x1lkfr7t xexx8yu x4uap5 x18d9i69 xkhd6sd\"><span class=\"xrtxmta x1bhl96m\">\ud83d\ude9b\u00a0<\/span><\/span><strong>ENVIO GRATIS<\/strong><\/span>\u00a0en la provincia de La Rioja,\u00a0<span class=\"js-shipping-minimum-label\">superando\u00a0<\/span><span class=\"js-shipping-minimum-label\">los $150.000,00. El envi\u00f3 para otras provincias ser\u00e1 por correo argentino o por transporte a convenir, a cargo del comprador.<\/span><\/p>\n<p>&nbsp;<\/p>\n","protected":false},"excerpt":{"rendered":"<p>AMPOLLA CAPILAR ARGAN &#8211; MAS BELLEZA Desarrollado para reparar e hidratar la fibra capilar, aportando brillo y suavidad al cabello. Recomendado para cabellos opacos, debilitados y quebradizos, expuestos a agresiones. Repara instant\u00e1neamente<a class=\"moretag\" href=\"https:\/\/renovepro.com.ar\/index.php\/product\/ampolla-capilar-argan-mas-belleza\/\">Read More&#8230;<\/a><\/p>\n","protected":false},"featured_media":2109,"comment_status":"open","ping_status":"closed","template":"","meta":[],"product_brand":[],"product_cat":[68],"product_tag":[],"class_list":{"0":"post-2108","1":"product","2":"type-product","3":"status-publish","4":"has-post-thumbnail","6":"product_cat-ampollas-capilares","8":"first","9":"instock","10":"sale","11":"shipping-taxable","12":"purchasable","13":"product-type-simple"},"jetpack_sharing_enabled":true,"_links":{"self":[{"href":"https:\/\/renovepro.com.ar\/index.php\/wp-json\/wp\/v2\/product\/2108","targetHints":{"allow":["GET"]}}],"collection":[{"href":"https:\/\/renovepro.com.ar\/index.php\/wp-json\/wp\/v2\/product"}],"about":[{"href":"https:\/\/renovepro.com.ar\/index.php\/wp-json\/wp\/v2\/types\/product"}],"replies":[{"embeddable":true,"href":"https:\/\/renovepro.com.ar\/index.php\/wp-json\/wp\/v2\/comments?post=2108"}],"wp:featuredmedia":[{"embeddable":true,"href":"https:\/\/renovepro.com.ar\/index.php\/wp-json\/wp\/v2\/media\/2109"}],"wp:attachment":[{"href":"https:\/\/renovepro.com.ar\/index.php\/wp-json\/wp\/v2\/media?parent=2108"}],"wp:term":[{"taxonomy":"product_brand","embeddable":true,"href":"https:\/\/renovepro.com.ar\/index.php\/wp-json\/wp\/v2\/product_brand?post=2108"},{"taxonomy":"product_cat","embeddable":true,"href":"https:\/\/renovepro.com.ar\/index.php\/wp-json\/wp\/v2\/product_cat?post=2108"},{"taxonomy":"product_tag","embeddable":true,"href":"https:\/\/renovepro.com.ar\/index.php\/wp-json\/wp\/v2\/product_tag?post=2108"}],"curies":[{"name":"wp","href":"https:\/\/api.w.org\/{rel}","templated":true}]}}