{"id":2090,"date":"2022-09-29T16:59:50","date_gmt":"2022-09-29T16:59:50","guid":{"rendered":"http:\/\/renovepro.com.ar\/?post_type=product&#038;p=2090"},"modified":"2025-10-28T01:18:26","modified_gmt":"2025-10-28T01:18:26","slug":"protector-termico-impronta-profesional","status":"publish","type":"product","link":"https:\/\/renovepro.com.ar\/index.php\/product\/protector-termico-impronta-profesional\/","title":{"rendered":"PROTECTOR TERMICO &#8211; IMPRONTA PROFESIONAL"},"content":{"rendered":"<p><strong>PROTECTOR TERMICO &#8211; IMPRONTA PROFESIONAL<\/strong><\/p>\n<p>Fue formulado a base de componentes revolucionarios para proteger al cabello de las\u00a0 altas temperaturas provocadas por las planchas, buclera y secador. Gracias a la formulaci\u00f3n de Protector T\u00e9rmico Impronta Profesional con siliconas, agua termal, keratina y aceite de arg\u00e1n, hace que el cabello recupere su hidrataci\u00f3n y su brillo quedando mas d\u00f3cil, suave y protegido. Este producto contiene filtros solares UV que lo protegen de los rayos solares alargando as\u00ed la vida del color con un efecto antifrizz.<\/p>\n<p><strong>MODO DE USO:<\/strong>\u00a0vaporizar sobre el cabello h\u00famedo previamente lavado. Luego proceder con brushing y\/o planchado. Uso diario.<\/p>\n<p><strong>CON<\/strong><strong>T. NETO:<\/strong> 200ml.<\/p>\n<p><strong>MEDIOS DE PAGO:<\/strong>\u00a0Pago por transferencia (Alias RENOVEPRO) &#8211; Mercado Pago &#8211; Tarjetas de cr\u00e9dito (Visa &#8211; MasterCard &#8211; American Express &#8211; Naranja &#8211; Banco Rioja) &#8211; Tarjetas de Debito (Cabal &#8211; Maestro &#8211; Visa &#8211; Banco Rioja) &#8211; GO Cuotas<\/p>\n<p><span class=\"text-accent\"><span class=\"x19la9d6 x1fc57z9 x6ikm8r x10wlt62 x19co3pv x1g5zs5t xfibh0p xiy17q3 x1xsqp64 x1lkfr7t xexx8yu x4uap5 x18d9i69 xkhd6sd\"><span class=\"xrtxmta x1bhl96m\">\ud83d\ude9b\u00a0<\/span><\/span><strong>ENVIO GRATIS<\/strong><\/span>\u00a0en la provincia de La Rioja,\u00a0<span class=\"js-shipping-minimum-label\">superando\u00a0<\/span><span class=\"js-shipping-minimum-label\">los $150.000,00. El envi\u00f3 para otras provincias ser\u00e1 por correo argentino o por transporte a convenir, a cargo del comprador.<\/span><\/p>\n","protected":false},"excerpt":{"rendered":"<p>PROTECTOR TERMICO &#8211; IMPRONTA PROFESIONAL Fue formulado a base de componentes revolucionarios para proteger al cabello de las\u00a0 altas temperaturas provocadas por las planchas, buclera y secador. Gracias a la formulaci\u00f3n de<a class=\"moretag\" href=\"https:\/\/renovepro.com.ar\/index.php\/product\/protector-termico-impronta-profesional\/\">Read More&#8230;<\/a><\/p>\n","protected":false},"featured_media":3796,"comment_status":"open","ping_status":"closed","template":"","meta":[],"product_brand":[],"product_cat":[63],"product_tag":[],"class_list":{"0":"post-2090","1":"product","2":"type-product","3":"status-publish","4":"has-post-thumbnail","6":"product_cat-protectores-capilares","8":"first","9":"instock","10":"sale","11":"shipping-taxable","12":"purchasable","13":"product-type-simple"},"jetpack_sharing_enabled":true,"_links":{"self":[{"href":"https:\/\/renovepro.com.ar\/index.php\/wp-json\/wp\/v2\/product\/2090","targetHints":{"allow":["GET"]}}],"collection":[{"href":"https:\/\/renovepro.com.ar\/index.php\/wp-json\/wp\/v2\/product"}],"about":[{"href":"https:\/\/renovepro.com.ar\/index.php\/wp-json\/wp\/v2\/types\/product"}],"replies":[{"embeddable":true,"href":"https:\/\/renovepro.com.ar\/index.php\/wp-json\/wp\/v2\/comments?post=2090"}],"wp:featuredmedia":[{"embeddable":true,"href":"https:\/\/renovepro.com.ar\/index.php\/wp-json\/wp\/v2\/media\/3796"}],"wp:attachment":[{"href":"https:\/\/renovepro.com.ar\/index.php\/wp-json\/wp\/v2\/media?parent=2090"}],"wp:term":[{"taxonomy":"product_brand","embeddable":true,"href":"https:\/\/renovepro.com.ar\/index.php\/wp-json\/wp\/v2\/product_brand?post=2090"},{"taxonomy":"product_cat","embeddable":true,"href":"https:\/\/renovepro.com.ar\/index.php\/wp-json\/wp\/v2\/product_cat?post=2090"},{"taxonomy":"product_tag","embeddable":true,"href":"https:\/\/renovepro.com.ar\/index.php\/wp-json\/wp\/v2\/product_tag?post=2090"}],"curies":[{"name":"wp","href":"https:\/\/api.w.org\/{rel}","templated":true}]}}