{"id":190,"date":"2021-01-25T20:44:45","date_gmt":"2021-01-25T20:44:45","guid":{"rendered":"http:\/\/renovepro.com.ar\/?post_type=product&#038;p=190"},"modified":"2025-12-23T02:09:26","modified_gmt":"2025-12-23T02:09:26","slug":"n46","status":"publish","type":"product","link":"https:\/\/renovepro.com.ar\/index.php\/product\/n46\/","title":{"rendered":"TRATAMIENTO LAMINADO CAPILAR &#8211; HAIR PRO"},"content":{"rendered":"<p><strong>TRATAMIENTO LAMINADO CAPILAR &#8211; HAIR PRO<\/strong><\/p>\n<p>El Tratamiento Laminado Capilar Hair Pro, repara y fortalece los enlaces rotos de la estructura molecular del cabello. Aporta fuerza y vitalidad a la estructura interna haciendo lucir a simple vista un cabello sano de ra\u00edz a puntas del cabello.<\/p>\n<p><strong>MODO DE USO:<\/strong> Aplicar una peque\u00f1a cantidad del producto sobre el cabello h\u00famedo y masajear suavemente. Dejar actuar 10 minutos como m\u00ednimo y luego enjuagar.<\/p>\n<p><strong>CON<\/strong><strong>T. NETO:<\/strong> 1000g.<\/p>\n<p><strong>MEDIOS DE PAGO:<\/strong>\u00a0Pago por transferencia (Alias RENOVEPRO) &#8211; Mercado Pago &#8211; Tarjetas de cr\u00e9dito (Visa &#8211; MasterCard &#8211; American Express &#8211; Naranja &#8211; Banco Rioja) &#8211; Tarjetas de Debito (Cabal &#8211; Maestro &#8211; Visa &#8211; Banco Rioja) &#8211; GO Cuotas<\/p>\n<p><span class=\"text-accent\"><span class=\"x19la9d6 x1fc57z9 x6ikm8r x10wlt62 x19co3pv x1g5zs5t xfibh0p xiy17q3 x1xsqp64 x1lkfr7t xexx8yu x4uap5 x18d9i69 xkhd6sd\"><span class=\"xrtxmta x1bhl96m\">\ud83d\ude9b\u00a0<\/span><\/span><strong>ENVIO GRATIS<\/strong><\/span>\u00a0en la provincia de La Rioja,\u00a0<span class=\"js-shipping-minimum-label\">superando\u00a0<\/span><span class=\"js-shipping-minimum-label\">los $150.000,00. El envi\u00f3 para otras provincias ser\u00e1 por correo argentino o por transporte a convenir, a cargo del comprador.<\/span><\/p>\n","protected":false},"excerpt":{"rendered":"<p>TRATAMIENTO LAMINADO CAPILAR &#8211; HAIR PRO El Tratamiento Laminado Capilar Hair Pro, repara y fortalece los enlaces rotos de la estructura molecular del cabello. Aporta fuerza y vitalidad a la estructura interna<a class=\"moretag\" href=\"https:\/\/renovepro.com.ar\/index.php\/product\/n46\/\">Read More&#8230;<\/a><\/p>\n","protected":false},"featured_media":2096,"comment_status":"open","ping_status":"closed","template":"","meta":[],"product_brand":[],"product_cat":[58,243],"product_tag":[32],"class_list":{"0":"post-190","1":"product","2":"type-product","3":"status-publish","4":"has-post-thumbnail","6":"product_cat-mascaras-capilares","7":"product_cat-tratamiento-capilar-restaurador","8":"product_tag-n46","10":"first","11":"instock","12":"sale","13":"shipping-taxable","14":"purchasable","15":"product-type-simple"},"jetpack_sharing_enabled":true,"_links":{"self":[{"href":"https:\/\/renovepro.com.ar\/index.php\/wp-json\/wp\/v2\/product\/190","targetHints":{"allow":["GET"]}}],"collection":[{"href":"https:\/\/renovepro.com.ar\/index.php\/wp-json\/wp\/v2\/product"}],"about":[{"href":"https:\/\/renovepro.com.ar\/index.php\/wp-json\/wp\/v2\/types\/product"}],"replies":[{"embeddable":true,"href":"https:\/\/renovepro.com.ar\/index.php\/wp-json\/wp\/v2\/comments?post=190"}],"wp:featuredmedia":[{"embeddable":true,"href":"https:\/\/renovepro.com.ar\/index.php\/wp-json\/wp\/v2\/media\/2096"}],"wp:attachment":[{"href":"https:\/\/renovepro.com.ar\/index.php\/wp-json\/wp\/v2\/media?parent=190"}],"wp:term":[{"taxonomy":"product_brand","embeddable":true,"href":"https:\/\/renovepro.com.ar\/index.php\/wp-json\/wp\/v2\/product_brand?post=190"},{"taxonomy":"product_cat","embeddable":true,"href":"https:\/\/renovepro.com.ar\/index.php\/wp-json\/wp\/v2\/product_cat?post=190"},{"taxonomy":"product_tag","embeddable":true,"href":"https:\/\/renovepro.com.ar\/index.php\/wp-json\/wp\/v2\/product_tag?post=190"}],"curies":[{"name":"wp","href":"https:\/\/api.w.org\/{rel}","templated":true}]}}