{"id":1852,"date":"2022-07-13T19:08:52","date_gmt":"2022-07-13T19:08:52","guid":{"rendered":"http:\/\/renovepro.com.ar\/?post_type=product&#038;p=1852"},"modified":"2026-01-12T22:09:23","modified_gmt":"2026-01-12T22:09:23","slug":"mascara-capilar-extra-acida-argan-elbel-belton","status":"publish","type":"product","link":"https:\/\/renovepro.com.ar\/index.php\/product\/mascara-capilar-extra-acida-argan-elbel-belton\/","title":{"rendered":"MASCARA CAPILAR EXTRA ACIDA ARGAN &#8211; ELBEL &#8211; BELTON"},"content":{"rendered":"<p><strong>MASCARA CAPILAR EXTRA ACIDA ARGAN &#8211; ELBEL &#8211; BELTON<\/strong><\/p>\n<p>La Mascara Capilar Extra Acida es el complemento ideal para finalizar trabajos t\u00e9cnicos. Su pH \u00c1cido tiene un efecto reparador sobre la cut\u00edcula, haciendo que esta se cierre, favoreciendo la duraci\u00f3n de trabajos con color. El aceite de arg\u00e1n aporta brillo y suavidad al cabello. estos tratamientos.<\/p>\n<p><strong>MODO DE USO<\/strong>: Despu\u00e9s del shampoo, enjuagar con abundante agua. Distribuir el producto por todo el cabello, con suaves masajes. Dejar actuar durante 10 minutos y luego enjuagar con abundante agua.<\/p>\n<div class=\"modo_empleo\">\n<div class=\"texto\"><\/div>\n<\/div>\n<p><strong>CON<\/strong><strong>T. NETO:<\/strong> 500g.<\/p>\n<p><strong>MEDIOS DE PAGO:<\/strong>\u00a0Pago por transferencia (Alias RENOVEPRO) &#8211; Mercado Pago &#8211; Tarjetas de cr\u00e9dito (Visa &#8211; MasterCard &#8211; American Express &#8211; Naranja &#8211; Banco Rioja) &#8211; Tarjetas de Debito (Cabal &#8211; Maestro &#8211; Visa &#8211; Banco Rioja) &#8211; GO Cuotas<\/p>\n<p><span class=\"text-accent\"><span class=\"x19la9d6 x1fc57z9 x6ikm8r x10wlt62 x19co3pv x1g5zs5t xfibh0p xiy17q3 x1xsqp64 x1lkfr7t xexx8yu x4uap5 x18d9i69 xkhd6sd\"><span class=\"xrtxmta x1bhl96m\">\ud83d\ude9b\u00a0<\/span><\/span><strong>ENVIO GRATIS<\/strong><\/span>\u00a0en la provincia de La Rioja,\u00a0<span class=\"js-shipping-minimum-label\">superando\u00a0<\/span><span class=\"js-shipping-minimum-label\">los $150.000,00. El envi\u00f3 para otras provincias ser\u00e1 por correo argentino o por transporte a convenir, a cargo del comprador.<\/span><\/p>\n","protected":false},"excerpt":{"rendered":"<p>MASCARA CAPILAR EXTRA ACIDA ARGAN &#8211; ELBEL &#8211; BELTON La Mascara Capilar Extra Acida es el complemento ideal para finalizar trabajos t\u00e9cnicos. Su pH \u00c1cido tiene un efecto reparador sobre la cut\u00edcula,<a class=\"moretag\" href=\"https:\/\/renovepro.com.ar\/index.php\/product\/mascara-capilar-extra-acida-argan-elbel-belton\/\">Read More&#8230;<\/a><\/p>\n","protected":false},"featured_media":3756,"comment_status":"open","ping_status":"closed","template":"","meta":[],"product_brand":[],"product_cat":[58],"product_tag":[],"class_list":{"0":"post-1852","1":"product","2":"type-product","3":"status-publish","4":"has-post-thumbnail","6":"product_cat-mascaras-capilares","8":"first","9":"outofstock","10":"sale","11":"shipping-taxable","12":"purchasable","13":"product-type-simple"},"jetpack_sharing_enabled":true,"_links":{"self":[{"href":"https:\/\/renovepro.com.ar\/index.php\/wp-json\/wp\/v2\/product\/1852","targetHints":{"allow":["GET"]}}],"collection":[{"href":"https:\/\/renovepro.com.ar\/index.php\/wp-json\/wp\/v2\/product"}],"about":[{"href":"https:\/\/renovepro.com.ar\/index.php\/wp-json\/wp\/v2\/types\/product"}],"replies":[{"embeddable":true,"href":"https:\/\/renovepro.com.ar\/index.php\/wp-json\/wp\/v2\/comments?post=1852"}],"wp:featuredmedia":[{"embeddable":true,"href":"https:\/\/renovepro.com.ar\/index.php\/wp-json\/wp\/v2\/media\/3756"}],"wp:attachment":[{"href":"https:\/\/renovepro.com.ar\/index.php\/wp-json\/wp\/v2\/media?parent=1852"}],"wp:term":[{"taxonomy":"product_brand","embeddable":true,"href":"https:\/\/renovepro.com.ar\/index.php\/wp-json\/wp\/v2\/product_brand?post=1852"},{"taxonomy":"product_cat","embeddable":true,"href":"https:\/\/renovepro.com.ar\/index.php\/wp-json\/wp\/v2\/product_cat?post=1852"},{"taxonomy":"product_tag","embeddable":true,"href":"https:\/\/renovepro.com.ar\/index.php\/wp-json\/wp\/v2\/product_tag?post=1852"}],"curies":[{"name":"wp","href":"https:\/\/api.w.org\/{rel}","templated":true}]}}