{"id":1776,"date":"2022-07-06T17:35:08","date_gmt":"2022-07-06T17:35:08","guid":{"rendered":"http:\/\/renovepro.com.ar\/?post_type=product&#038;p=1776"},"modified":"2025-10-28T17:35:20","modified_gmt":"2025-10-28T17:35:20","slug":"ampolla-capilar-color-persistente-coalix","status":"publish","type":"product","link":"https:\/\/renovepro.com.ar\/index.php\/product\/ampolla-capilar-color-persistente-coalix\/","title":{"rendered":"AMPOLLA CAPILAR COLOR THERAPY SHOCK &#8211; COALIX"},"content":{"rendered":"<p><strong>AMPOLLA CAPILAR COLOR THERAPY SHOCK &#8211; COALIX<\/strong><\/p>\n<p>La Ampolla Color Therapy Shock Coalix Pro para Cabellos con Coloraci\u00f3n contiene Hidrolizado de Quinoa e Hidrolizado de Trigo. Con su acci\u00f3n protectora y su pH acido logra encapsular la Coloraci\u00f3n y sellar las escamas de la Cut\u00edcula logrando que la Coloraci\u00f3n no envejezca a trav\u00e9s de los sucesivos lavados. Mejora la peinabilidad en seco, en h\u00famedo y aumenta el brillo.<\/p>\n<p><strong>MODO DE USO:<\/strong> Despu\u00e9s de lavar el Cabello con Shampoo Genero Brillo Resistente Coalix Pro quitar excedente de agua, dosificar en semilargos y puntas mecha a mecha y dejar actuar de 5 a 8 minutos. Peinar, enjuagar abundantemente y continuar con el trabajo previsto.\u00a0Aplicar el d\u00eda de la coloraci\u00f3n y continuar con 1 a 2 ampollas por semana durante 15 d\u00edas.<\/p>\n<p><strong>SIN PARABENOS<\/strong><\/p>\n<p>\ud83c\udf31 Apto Vegano<\/p>\n<p>\u270b Sin T.A.C.C<\/p>\n<p>\ud83d\udc30 Sin Crueldad Animal<\/p>\n<p><strong>CON<\/strong><strong>T. NETO:<\/strong> 15ml.<\/p>\n<p><strong>MEDIOS DE PAGO:<\/strong>\u00a0Pago por transferencia (Alias RENOVEPRO) &#8211; Mercado Pago &#8211; Tarjetas de cr\u00e9dito (Visa &#8211; MasterCard &#8211; American Express &#8211; Naranja &#8211; Banco Rioja) &#8211; Tarjetas de Debito (Cabal &#8211; Maestro &#8211; Visa &#8211; Banco Rioja) &#8211; GO Cuotas<\/p>\n<p><span class=\"text-accent\"><span class=\"x19la9d6 x1fc57z9 x6ikm8r x10wlt62 x19co3pv x1g5zs5t xfibh0p xiy17q3 x1xsqp64 x1lkfr7t xexx8yu x4uap5 x18d9i69 xkhd6sd\"><span class=\"xrtxmta x1bhl96m\">\ud83d\ude9b\u00a0<\/span><\/span><strong>ENVIO GRATIS<\/strong><\/span>\u00a0en la provincia de La Rioja,\u00a0<span class=\"js-shipping-minimum-label\">superando\u00a0<\/span><span class=\"js-shipping-minimum-label\">los $150.000,00. El envi\u00f3 para otras provincias ser\u00e1 por correo argentino o por transporte a convenir, a cargo del comprador.<\/span><\/p>\n","protected":false},"excerpt":{"rendered":"<p>AMPOLLA CAPILAR COLOR THERAPY SHOCK &#8211; COALIX La Ampolla Color Therapy Shock Coalix Pro para Cabellos con Coloraci\u00f3n contiene Hidrolizado de Quinoa e Hidrolizado de Trigo. Con su acci\u00f3n protectora y su<a class=\"moretag\" href=\"https:\/\/renovepro.com.ar\/index.php\/product\/ampolla-capilar-color-persistente-coalix\/\">Read More&#8230;<\/a><\/p>\n","protected":false},"featured_media":3884,"comment_status":"open","ping_status":"closed","template":"","meta":[],"product_brand":[],"product_cat":[68],"product_tag":[],"class_list":{"0":"post-1776","1":"product","2":"type-product","3":"status-publish","4":"has-post-thumbnail","6":"product_cat-ampollas-capilares","8":"first","9":"instock","10":"sale","11":"shipping-taxable","12":"purchasable","13":"product-type-simple"},"jetpack_sharing_enabled":true,"_links":{"self":[{"href":"https:\/\/renovepro.com.ar\/index.php\/wp-json\/wp\/v2\/product\/1776","targetHints":{"allow":["GET"]}}],"collection":[{"href":"https:\/\/renovepro.com.ar\/index.php\/wp-json\/wp\/v2\/product"}],"about":[{"href":"https:\/\/renovepro.com.ar\/index.php\/wp-json\/wp\/v2\/types\/product"}],"replies":[{"embeddable":true,"href":"https:\/\/renovepro.com.ar\/index.php\/wp-json\/wp\/v2\/comments?post=1776"}],"wp:featuredmedia":[{"embeddable":true,"href":"https:\/\/renovepro.com.ar\/index.php\/wp-json\/wp\/v2\/media\/3884"}],"wp:attachment":[{"href":"https:\/\/renovepro.com.ar\/index.php\/wp-json\/wp\/v2\/media?parent=1776"}],"wp:term":[{"taxonomy":"product_brand","embeddable":true,"href":"https:\/\/renovepro.com.ar\/index.php\/wp-json\/wp\/v2\/product_brand?post=1776"},{"taxonomy":"product_cat","embeddable":true,"href":"https:\/\/renovepro.com.ar\/index.php\/wp-json\/wp\/v2\/product_cat?post=1776"},{"taxonomy":"product_tag","embeddable":true,"href":"https:\/\/renovepro.com.ar\/index.php\/wp-json\/wp\/v2\/product_tag?post=1776"}],"curies":[{"name":"wp","href":"https:\/\/api.w.org\/{rel}","templated":true}]}}