{"id":164,"date":"2021-01-25T20:12:26","date_gmt":"2021-01-25T20:12:26","guid":{"rendered":"http:\/\/renovepro.com.ar\/?post_type=product&#038;p=164"},"modified":"2025-12-23T02:10:37","modified_gmt":"2025-12-23T02:10:37","slug":"n23","status":"publish","type":"product","link":"https:\/\/renovepro.com.ar\/index.php\/product\/n23\/","title":{"rendered":"TRATAMIENTO CAPILAR HIDRO CAUTERIZADO &#8211; EXCLUSIVE"},"content":{"rendered":"<p><strong>TRATAMIENTO CAPILAR HIDRO CAUTERIZADO &#8211; EXCLUSIVE<\/strong><\/p>\n<p>El Tratamiento Capilar Hidro Cauterizado Exclusive, a base de keratina y minerales, hidrata y repara la fibra capilar, bajando el frizz, recuperando el brillo y suavidad del cabello.<\/p>\n<p><strong>MODO DE USO:<\/strong> Aplicar sobre el cabello h\u00famedo luego de haber lavado con shampoo neutro. Dejar actuar 20 minutos, luego secar el cabello y proceder a pasar plancha mecha por mecha de 10 a 15 veces.<\/p>\n<p><strong>ADVERTENCIAS:<\/strong> No aplicar sobre el cuero cabelludo. Evite el contacto con los ojos, si esto ocurre enjuagar con abundante agua fr\u00eda. Producto de uso externo. No ingerir. Mantener fuera del alcance de los ni\u00f1os. Ante signos de irritaci\u00f3n suspenda su uso y visite a su m\u00e9dico. Agitar antes de usar.<\/p>\n<p><strong>CON<\/strong><strong>T. NETO:<\/strong> 300ml.<\/p>\n<p><strong>MEDIOS DE PAGO:<\/strong>\u00a0Pago por transferencia (Alias RENOVEPRO) &#8211; Mercado Pago &#8211; Tarjetas de cr\u00e9dito (Visa &#8211; MasterCard &#8211; American Express &#8211; Naranja &#8211; Banco Rioja) &#8211; Tarjetas de Debito (Cabal &#8211; Maestro &#8211; Visa &#8211; Banco Rioja) &#8211; GO Cuotas<\/p>\n<p><span class=\"text-accent\"><span class=\"x19la9d6 x1fc57z9 x6ikm8r x10wlt62 x19co3pv x1g5zs5t xfibh0p xiy17q3 x1xsqp64 x1lkfr7t xexx8yu x4uap5 x18d9i69 xkhd6sd\"><span class=\"xrtxmta x1bhl96m\">\ud83d\ude9b\u00a0<\/span><\/span><strong>ENVIO GRATIS<\/strong><\/span>\u00a0en la provincia de La Rioja,\u00a0<span class=\"js-shipping-minimum-label\">superando\u00a0<\/span><span class=\"js-shipping-minimum-label\">los $150.000,00. El envi\u00f3 para otras provincias ser\u00e1 por correo argentino o por transporte a convenir, a cargo del comprador.<\/span><\/p>\n","protected":false},"excerpt":{"rendered":"<p>TRATAMIENTO CAPILAR HIDRO CAUTERIZADO &#8211; EXCLUSIVE El Tratamiento Capilar Hidro Cauterizado Exclusive, a base de keratina y minerales, hidrata y repara la fibra capilar, bajando el frizz, recuperando el brillo y suavidad<a class=\"moretag\" href=\"https:\/\/renovepro.com.ar\/index.php\/product\/n23\/\">Read More&#8230;<\/a><\/p>\n","protected":false},"featured_media":3801,"comment_status":"open","ping_status":"closed","template":"","meta":[],"product_brand":[],"product_cat":[243,242],"product_tag":[22],"class_list":{"0":"post-164","1":"product","2":"type-product","3":"status-publish","4":"has-post-thumbnail","6":"product_cat-tratamiento-capilar-restaurador","7":"product_cat-tratamiento-capilares-antifrizz","8":"product_tag-n23","10":"first","11":"instock","12":"sale","13":"shipping-taxable","14":"purchasable","15":"product-type-simple"},"jetpack_sharing_enabled":true,"_links":{"self":[{"href":"https:\/\/renovepro.com.ar\/index.php\/wp-json\/wp\/v2\/product\/164","targetHints":{"allow":["GET"]}}],"collection":[{"href":"https:\/\/renovepro.com.ar\/index.php\/wp-json\/wp\/v2\/product"}],"about":[{"href":"https:\/\/renovepro.com.ar\/index.php\/wp-json\/wp\/v2\/types\/product"}],"replies":[{"embeddable":true,"href":"https:\/\/renovepro.com.ar\/index.php\/wp-json\/wp\/v2\/comments?post=164"}],"wp:featuredmedia":[{"embeddable":true,"href":"https:\/\/renovepro.com.ar\/index.php\/wp-json\/wp\/v2\/media\/3801"}],"wp:attachment":[{"href":"https:\/\/renovepro.com.ar\/index.php\/wp-json\/wp\/v2\/media?parent=164"}],"wp:term":[{"taxonomy":"product_brand","embeddable":true,"href":"https:\/\/renovepro.com.ar\/index.php\/wp-json\/wp\/v2\/product_brand?post=164"},{"taxonomy":"product_cat","embeddable":true,"href":"https:\/\/renovepro.com.ar\/index.php\/wp-json\/wp\/v2\/product_cat?post=164"},{"taxonomy":"product_tag","embeddable":true,"href":"https:\/\/renovepro.com.ar\/index.php\/wp-json\/wp\/v2\/product_tag?post=164"}],"curies":[{"name":"wp","href":"https:\/\/api.w.org\/{rel}","templated":true}]}}